{"id":1374,"date":"2023-08-21T16:28:25","date_gmt":"2023-08-21T16:28:25","guid":{"rendered":"https:\/\/vazquezmontalban.bnc.cat\/recursos\/"},"modified":"2023-10-13T07:19:12","modified_gmt":"2023-10-13T07:19:12","slug":"recursos","status":"publish","type":"page","link":"https:\/\/vazquezmontalban.bnc.cat\/es\/recursos\/","title":{"rendered":"Recursos"},"content":{"rendered":"<p>[et_pb_section fb_built=\u00bb1&#8243; admin_label=\u00bbsection\u00bb module_class=\u00bbflex flex-column\u00bb _builder_version=\u00bb4.22.0&#8243; background_image=\u00bbhttps:\/\/vazquezmontalban.bnc.cat\/wp-content\/uploads\/2023\/08\/Hero_gastronomia-1-scaled.jpg\u00bb custom_padding=\u00bb12em||3em||false|false\u00bb background_last_edited=\u00bbon|desktop\u00bb background_image_phone=\u00bbhttps:\/\/vazquezmontalban.bnc.cat\/wp-content\/uploads\/2023\/08\/Hero_gastronomia_res.jpg\u00bb background_enable_image_phone=\u00bbon\u00bb global_colors_info=\u00bb{}\u00bb][et_pb_row column_structure=\u00bb1_2,1_2&#8243; make_equal=\u00bbon\u00bb _builder_version=\u00bb4.21.0&#8243; _module_preset=\u00bbdefault\u00bb custom_margin=\u00bb||0px||false|false\u00bb custom_padding=\u00bb||0px||false|false\u00bb global_colors_info=\u00bb{}\u00bb][et_pb_column type=\u00bb1_2&#8243; _builder_version=\u00bb4.21.0&#8243; _module_preset=\u00bbdefault\u00bb global_colors_info=\u00bb{}\u00bb][et_pb_text _builder_version=\u00bb4.22.0&#8243; _module_preset=\u00bbdefault\u00bb header_text_color=\u00bb#F8F9F2&#8243; header_font_size=\u00bb3em\u00bb custom_margin=\u00bb||0px||false|false\u00bb custom_padding=\u00bb||0px||false|false\u00bb animation_style=\u00bbfade\u00bb global_colors_info=\u00bb{}\u00bb]<\/p>\n<h1>RECURSOS<\/h1>\n<p>[\/et_pb_text][\/et_pb_column][et_pb_column type=\u00bb1_2&#8243; _builder_version=\u00bb4.21.0&#8243; _module_preset=\u00bbdefault\u00bb global_colors_info=\u00bb{}\u00bb][\/et_pb_column][\/et_pb_row][\/et_pb_section][et_pb_section fb_built=\u00bb1&#8243; _builder_version=\u00bb4.21.0&#8243; _module_preset=\u00bbdefault\u00bb global_colors_info=\u00bb{}\u00bb][et_pb_row column_structure=\u00bb3_4,1_4&#8243; _builder_version=\u00bb4.22.0&#8243; _module_preset=\u00bbdefault\u00bb custom_padding=\u00bb||3em||false|false\u00bb global_colors_info=\u00bb{}\u00bb][et_pb_column type=\u00bb3_4&#8243; _builder_version=\u00bb4.21.0&#8243; _module_preset=\u00bbdefault\u00bb global_colors_info=\u00bb{}\u00bb][et_pb_text _builder_version=\u00bb4.22.2&#8243; _module_preset=\u00bbdefault\u00bb animation_style=\u00bbfade\u00bb global_colors_info=\u00bb{}\u00bb]<\/p>\n<h2>Traducci\u00f3n<\/h2>\n<p>Texto y selecci\u00f3n de contenidos: Rosa Mar\u00eda Rodr\u00edguez Abella<\/p>\n<p>[\/et_pb_text][et_pb_text _builder_version=\u00bb4.22.2&#8243; _module_preset=\u00bbdefault\u00bb text_text_color=\u00bb#020B11&#8243; ul_text_color=\u00bb#020B11&#8243; ol_text_color=\u00bb#020B11&#8243; header_2_font_size=\u00bb2.3em\u00bb animation_style=\u00bbfade\u00bb global_colors_info=\u00bb{}\u00bb]<\/p>\n<p>Seg\u00fan las \u00faltimas estad\u00edsticas del <a href=\"https:\/\/www.unesco.org\/xtrans\/bsform.aspx\" title=\"Https:\/\/www.unesco.org\/xtrans\/bsform.aspx\"><em>Index Translationum<\/em><\/a>, la base de datos que elabora la Unesco y que mide la cantidad de textos que se traducen del espa\u00f1ol a otros idiomas, Manuel V\u00e1zquez Montalb\u00e1n es uno de los escritores en espa\u00f1ol m\u00e1s traducido a lenguas extranjeras.Si consultamos asimismo el <a href=\"https:\/\/mapadelatraduccion.cervantes.es\/\" title=\"Https:\/\/mapadelatraduccion.cervantes.es\/\"><em>Mapa Mundial de la Traducci\u00f3n<\/em><\/a> del Instituto Cervantes, una herramienta que, por el momento, se presenta solo en 10 lenguas (ingl\u00e9s, chino mandar\u00edn, franc\u00e9s, \u00e1rabe, ruso, alem\u00e1n, japon\u00e9s, portugu\u00e9s e italiano), constatamos que de V\u00e1zquez Montalb\u00e1n se registran 615 traducciones frente a las 1.386 de Cervantes, que es quien ocupa el primer lugar.<\/p>\n<p>El an\u00e1lisis de la informaci\u00f3n recopilada en ambas plataformas muestra que, diacr\u00f3nicamente, la primera obra de V\u00e1zquez Montalb\u00e1n en ser trasladada a otra lengua\/cultura fue el ensayo <em>Las noticias y la informaci\u00f3n<\/em> (Salvat, 1973) publicado en italiano bajo el t\u00edtulo de <em>L\u2019informazione<\/em> (Istituto geografico De Agostini, 1977). Posteriormente, tambi\u00e9n en italiano, ver\u00e1 la luz la versi\u00f3n del ensayo pol\u00edtico <em>Manifiesto subnormal <\/em>(<em>Manifesto subnormale<\/em>, Pellicanolibri, 1980). La tercera obra en ser traducida es <em>Los mares del Sur<\/em> (<em>Marquises, si vos rivages<\/em>, Le Sycomore, 1980), cuarta novela de la serie policiaca Carvalho, obra que en 1979 hab\u00eda sido galardonada con el premio Planeta y que en Francia obtuvo el prestigioso <em>Grand Prix de Litt\u00e9rature Polici\u00e8re<\/em> (1981); como reconoce el propio escritor, probablemente ambos premios influyeron en su \u00e9xito internacional:<\/p>\n<p style=\"padding-left: 40px;\">(&#8230;) por azar un cr\u00edtico franc\u00e9s, Michel Lebrun, la compr\u00f3, le gust\u00f3 y le dieron un premio en Francia que supuso un gran prestigio. A partir de aqu\u00ed vinieron las traducciones, incluida la china, que me consta que circula fotocopiada (Moret 1997).<\/p>\n<p>A partir de este momento V\u00e1zquez Montalb\u00e1n inicia su inaudito \u00e9xito en los mercados extranjeros, especialmente en Italia, Francia, Alemania, etc. Ahora bien, desde el punto de vista traductol\u00f3gico, no cabe duda de que tanto la serie Carvalho como el resto de su obra, con su rica y variada presencia de referentes culturales de todo tipo, supone un reto para los traductores. Algunos estudios sobre el estimulante desaf\u00edo que implica la traslaci\u00f3n de la obra montalbaniana son:<\/p>\n<ul>\n<li>Rodr\u00edguez Abella, Rosa Mar\u00faa: \u201cRetraducir a Manuel V\u00e1zquez Montalb\u00e1n: el caso de <em>Los mares del Sur<\/em><strong>\u201c<\/strong>: Oslo, <em>CEMVM, <\/em>4 (2019): 17-36 <a href=\"https:\/\/journals.uio.no\/MVM\/article\/view\/7578\" title=\"Https:\/\/journals.uio.no\/MVM\/article\/view\/7578\" target=\"_blank\" rel=\"noopener\">https:\/\/journals.uio.no\/MVM\/article\/view\/7578<\/a><\/li>\n<li>Magdalena Tosik: \u201cAlgunos aspectos del universo carvalhiano sometidos a la traducci\u00f3n\u201d. Oslo, CEMVM, 3 (2017): 45-62 <a href=\"https:\/\/journals.uio.no\/MVM\/article\/view\/5962\" title=\"Https:\/\/journals.uio.no\/MVM\/article\/view\/5962\" target=\"_blank\" rel=\"noopener\">https:\/\/journals.uio.no\/MVM\/article\/view\/5962<\/a><\/li>\n<li>Rosa Mar\u00eda Rrodr\u00edguez Abella: \u201cProblem\u00e1tica de la equivalencia transl\u00e9mica espa\u00f1ol-italiano a trav\u00e9s de una novela de Manuel V\u00e1zquez Montalb\u00e1n\u201d. Oslo, <em>CEMVM, <\/em>2 (2015): 75-97 <a href=\"https:\/\/journals.uio.no\/MVM\/article\/view\/2533\" title=\"Https:\/\/journals.uio.no\/MVM\/article\/view\/2533\" target=\"_blank\" rel=\"noopener\">https:\/\/journals.uio.no\/MVM\/article\/view\/2533<\/a><\/li>\n<li>Rosa Mar\u00eda Rodr\u00edguez Abella: \u201cUn delitto per Pepe Carvalho: referencias culturales y traducci\u00f3n \u201c: Oslo, <em>CEMVM, <\/em>1 (2013): 63-86 <a href=\"https:\/\/journals.uio.no\/MVM\/article\/view\/595\" title=\"Https:\/\/journals.uio.no\/MVM\/article\/view\/595\" target=\"_blank\" rel=\"noopener\">https:\/\/journals.uio.no\/MVM\/article\/view\/595<\/a><\/li>\n<\/ul>\n<p>[\/et_pb_text][et_pb_blurb title=\u00bbT\u00edtulos del autor traducidos al aleman, frances, ingles e italiano\u00bb url=\u00bb\/wp-content\/uploads\/2023\/09\/titols_traduits.pdf\u00bb url_new_window=\u00bbon\u00bb image=\u00bbhttps:\/\/vazquezmontalban.bnc.cat\/wp-content\/uploads\/2023\/08\/link.svg\u00bb icon_placement=\u00bbleft\u00bb image_icon_width=\u00bb75%\u00bb content_max_width=\u00bb100%\u00bb disabled_on=\u00bbon|on|on\u00bb _builder_version=\u00bb4.22.2&#8243; _module_preset=\u00bbdefault\u00bb image_icon_custom_margin=\u00bb-2px|0px||0px|false|false\u00bb image_icon_custom_padding=\u00bb|0px|0px|0px|false|false\u00bb animation_style=\u00bbfade\u00bb link_option_url_new_window=\u00bbon\u00bb disabled=\u00bbon\u00bb global_colors_info=\u00bb{}\u00bb][\/et_pb_blurb][\/et_pb_column][et_pb_column type=\u00bb1_4&#8243; _builder_version=\u00bb4.21.0&#8243; _module_preset=\u00bbdefault\u00bb global_colors_info=\u00bb{}\u00bb][\/et_pb_column][\/et_pb_row][et_pb_row column_structure=\u00bb3_4,1_4&#8243; _builder_version=\u00bb4.22.0&#8243; _module_preset=\u00bbdefault\u00bb custom_padding=\u00bb3em||||false|false\u00bb border_width_top=\u00bb1px\u00bb global_colors_info=\u00bb{}\u00bb][et_pb_column type=\u00bb3_4&#8243; _builder_version=\u00bb4.21.0&#8243; _module_preset=\u00bbdefault\u00bb global_colors_info=\u00bb{}\u00bb][et_pb_text _builder_version=\u00bb4.22.2&#8243; _module_preset=\u00bbdefault\u00bb animation_style=\u00bbfade\u00bb hover_enabled=\u00bb0&#8243; global_colors_info=\u00bb{}\u00bb sticky_enabled=\u00bb0&#8243;]<\/p>\n<h2>Recursos educativos<\/h2>\n<p>Texto y selecci\u00f3n de contenidos: Santiago Sevilla Vallejo<\/p>\n<p>[\/et_pb_text][et_pb_text _builder_version=\u00bb4.22.2&#8243; _module_preset=\u00bbdefault\u00bb text_text_color=\u00bb#020B11&#8243; ul_text_color=\u00bb#020B11&#8243; ol_text_color=\u00bb#020B11&#8243; header_2_font_size=\u00bb2.3em\u00bb animation_style=\u00bbfade\u00bb global_colors_info=\u00bb{}\u00bb]<\/p>\n<p>La obra de Manuel V\u00e1zquez Montalb\u00e1n ofrece muchas posibilidades formativas tanto por su capacidad para reflexionar sobre la comunicaci\u00f3n y la cultura como por los contenidos did\u00e1cticos que los docentes emplean en sus aulas.<\/p>\n<p>[\/et_pb_text][\/et_pb_column][et_pb_column type=\u00bb1_4&#8243; _builder_version=\u00bb4.21.0&#8243; _module_preset=\u00bbdefault\u00bb global_colors_info=\u00bb{}\u00bb][\/et_pb_column][\/et_pb_row][et_pb_row column_structure=\u00bb3_4,1_4&#8243; _builder_version=\u00bb4.22.1&#8243; _module_preset=\u00bbdefault\u00bb border_width_bottom=\u00bb1px\u00bb locked=\u00bboff\u00bb global_colors_info=\u00bb{}\u00bb][et_pb_column type=\u00bb3_4&#8243; _builder_version=\u00bb4.22.0&#8243; _module_preset=\u00bbdefault\u00bb global_colors_info=\u00bb{}\u00bb][et_pb_text _builder_version=\u00bb4.22.2&#8243; _module_preset=\u00bbdefault\u00bb animation_style=\u00bbfade\u00bb global_colors_info=\u00bb{}\u00bb]<\/p>\n<p><strong class=\"f12\">Recursos sobre comunicaci\u00f3n<\/strong><\/p>\n<p>V\u00e1zquez Montalb\u00e1n escribi\u00f3 ensayos en los que acerca sus conocimientos sobre la comunicaci\u00f3n a todos los lectores.<\/p>\n<ul>\n<li><a href=\"https:\/\/www.um.es\/tonosdigital\/znum6\/Teselas\/Teselas.htm#inform\" title=\"Https:\/\/www.um.es\/tonosdigital\/znum6\/Teselas\/Teselas.htm#inform\">Informes sobre la informaci\u00f3n<\/a><\/li>\n<li><a href=\"https:\/\/omegalfa.es\/downloadfile.php?file=libros\/historia-y-comunicacion-social.pdf\" title=\"Https:\/\/omegalfa.es\/downloadfile.php?file=libros\/historia-y-comunicacion-social.pdf\">Historia y comunicaci\u00f3n social<\/a><\/li>\n<\/ul>\n<p>[\/et_pb_text][\/et_pb_column][et_pb_column type=\u00bb1_4&#8243; _builder_version=\u00bb4.22.0&#8243; _module_preset=\u00bbdefault\u00bb global_colors_info=\u00bb{}\u00bb][et_pb_text disabled_on=\u00bbon|on|on\u00bb _builder_version=\u00bb4.22.2&#8243; _module_preset=\u00bbdefault\u00bb custom_padding=\u00bb||2em||false|false\u00bb animation_style=\u00bbfade\u00bb disabled=\u00bbon\u00bb global_colors_info=\u00bb{}\u00bb]<\/p>\n<p><strong class=\"f12\">Recursos sobre la cultura dels pa\u00efsos de parla hispana<\/strong><\/p>\n<p>Tamb\u00e9 va escriure moltes obres en qu\u00e8 caracteritza la cultura dels pa\u00efsos de parla hispana, sobretot Espanya, per\u00f2 tamb\u00e9 la cultura de l\u2019Argentina. Aix\u00ed mateix, es destaca un pr\u00f2leg que va escriure sobre la situaci\u00f3 de la dona durant el franquisme.<\/p>\n<p>[\/et_pb_text][\/et_pb_column][\/et_pb_row][et_pb_row column_structure=\u00bb3_4,1_4&#8243; _builder_version=\u00bb4.22.1&#8243; _module_preset=\u00bbdefault\u00bb custom_padding=\u00bb3em||3em||false|false\u00bb border_width_bottom=\u00bb1px\u00bb border_color_bottom=\u00bb#020B11&#8243; locked=\u00bboff\u00bb global_colors_info=\u00bb{}\u00bb][et_pb_column type=\u00bb3_4&#8243; _builder_version=\u00bb4.22.0&#8243; _module_preset=\u00bbdefault\u00bb global_colors_info=\u00bb{}\u00bb][et_pb_text _builder_version=\u00bb4.22.2&#8243; _module_preset=\u00bbdefault\u00bb animation_style=\u00bbfade\u00bb global_colors_info=\u00bb{}\u00bb]<\/p>\n<h2>Recursos sobre la cultura de los pa\u00edses de habla hispana<\/h2>\n<p>[\/et_pb_text][et_pb_text _builder_version=\u00bb4.22.2&#8243; _module_preset=\u00bbdefault\u00bb animation_style=\u00bbfade\u00bb global_colors_info=\u00bb{}\u00bb]Tambi\u00e9n escribi\u00f3 muchas obras caracterizando la cultura de los pa\u00edses de habla hispana, sobre todo Espa\u00f1a, pero tambi\u00e9n a la cultura de Argentina. Asimismo, se destaca un pr\u00f3logo que escribi\u00f3 acerca de la situaci\u00f3n de la mujer durante el franquismo.[\/et_pb_text][et_pb_text _builder_version=\u00bb4.22.2&#8243; _module_preset=\u00bbdefault\u00bb animation_style=\u00bbfade\u00bb global_colors_info=\u00bb{}\u00bb]<\/p>\n<ul class=\"aportacio_list aportacio_manual\">\n<li><em>Cr\u00f3nica sentimental de Espa\u00f1a<\/em>. Barcelona: Editorial Lumen, 1971<\/li>\n<li class=\"link\"><a target=\"_blank\" href=\"https:\/\/www.vespito.net\/mvm\/intcanc.html\" title=\"Https:\/\/www.vespito.net\/mvm\/intcanc.html\" rel=\"noopener\"><em>Introducci\u00f3n a Cancionero general<\/em><\/a>.<\/li>\n<li class=\"link\"><a target=\"_blank\" href=\"https:\/\/parles.upf.edu\/llocs\/liteca\/biblioteca-la-literatura-en-la-construccion-de-la-ciudad-democratica\" title=\"Https:\/\/parles.upf.edu\/llocs\/liteca\/biblioteca-la-literatura-en-la-construccion-de-la-ciudad-democratica\" rel=\"noopener\">\u201cLa literatura en la construcci\u00f3n de la ciudad democr\u00e0tica<\/a>\u201d (extracto). A: <em>LiTeCa.<\/em><\/li>\n<li class=\"video\"><a target=\"_blank\" href=\"https:\/\/www.youtube.com\/watch?v=JCgMunPHq18&amp;t=2158s\" rel=\"noopener\"><em>Sobre la probable inexistencia del puebl<\/em><\/a> Confer\u00e8ncia (1999)<\/li>\n<li class=\"link\"><a target=\"_blank\" href=\"https:\/\/www.uv.es\/cerverab\/Izquierdo.pdf\" title=\"Https:\/\/www.uv.es\/cerverab\/Izquierdo.pdf\" rel=\"noopener\">Maquis: Guerrilla antifranquista. Un tema en la literatura de la memoria espa\u00f1ola<\/a>.<\/li>\n<li class=\"link\"><a target=\"_blank\" href=\"https:\/\/biblioteca.unedteruel.org\/la_biblioteca_recomienda\/moderna.pdf\" title=\"Https:\/\/biblioteca.unedteruel.org\/la_biblioteca_recomienda\/moderna.pdf\" rel=\"noopener\">El escriba y la ciudad democr\u00e1tica<\/a>.<\/li>\n<li  class=\"link\"><a target=\"_blank\" href=\"https:\/\/journals.uio.no\/MVM\/article\/view\/8068\" title=\"Https:\/\/journals.uio.no\/MVM\/article\/view\/8068\" rel=\"noopener\">Acordes transatl\u00e1nticos:<\/a><a href=\"https:\/\/journals.uio.no\/MVM\/article\/view\/8068\" title=\"Https:\/\/journals.uio.no\/MVM\/article\/view\/8068\"> V\u00e1zquez Montalb\u00e1n y el tango como educaci\u00f3n sentimental y pol\u00edtica<\/a>.<\/li>\n<li>Pr\u00f3logo del libro de Carmen Alcalde (1996).\u00a0<em>Mujeres en el franquismo: Exiliadas, nacionalistas y opositoras<\/em>(vol. 3). Flor del Viento Ediciones.<\/li>\n<\/ul>\n<p>[\/et_pb_text][\/et_pb_column][et_pb_column type=\u00bb1_4&#8243; _builder_version=\u00bb4.22.0&#8243; _module_preset=\u00bbdefault\u00bb global_colors_info=\u00bb{}\u00bb][\/et_pb_column][\/et_pb_row][et_pb_row column_structure=\u00bb3_4,1_4&#8243; _builder_version=\u00bb4.22.1&#8243; _module_preset=\u00bbdefault\u00bb custom_padding=\u00bb3em||3em||false|false\u00bb border_width_bottom=\u00bb1px\u00bb border_color_bottom=\u00bb#020B11&#8243; locked=\u00bboff\u00bb global_colors_info=\u00bb{}\u00bb][et_pb_column type=\u00bb3_4&#8243; _builder_version=\u00bb4.22.0&#8243; _module_preset=\u00bbdefault\u00bb global_colors_info=\u00bb{}\u00bb][et_pb_text _builder_version=\u00bb4.22.2&#8243; _module_preset=\u00bbdefault\u00bb animation_style=\u00bbfade\u00bb global_colors_info=\u00bb{}\u00bb]<\/p>\n<h2>Recursos para educaci\u00f3n secundaria obligatoria y bachillerato<\/h2>\n<p>[\/et_pb_text][et_pb_text _builder_version=\u00bb4.22.2&#8243; _module_preset=\u00bbdefault\u00bb animation_style=\u00bbfade\u00bb global_colors_info=\u00bb{}\u00bb]<\/p>\n<ul class=\"aportacio_list aportacio_manual\">\n<li class=\"video\"><a target=\"_blank\" href=\"https:\/\/www.youtube.com\/watch?v=1_FAEtRPzMM\" title=\"Https:\/\/www.youtube.com\/watch?v=1_FAEtRPzMM\" rel=\"noopener\">Izquierdo, Jos\u00e9 Mar\u00eda. Utop\u00eda y pedagog\u00eda pol\u00edticas en la obra de Manuel V\u00e1zquez Montalb\u00e1n.<\/a><\/li>\n<li class=\"link\"><a target=\"_blank\" href=\"https:\/\/manoloenelaula.wordpress.com\/\" title=\"Https:\/\/manoloenelaula.wordpress.com\/\" rel=\"noopener\">\u201cGu\u00edas de lectura\u201d. En: Manuel V\u00e1zquez Montalb\u00e1n en el aula. <\/a><\/li>\n<\/ul>\n<p>[\/et_pb_text][\/et_pb_column][et_pb_column type=\u00bb1_4&#8243; _builder_version=\u00bb4.22.0&#8243; _module_preset=\u00bbdefault\u00bb global_colors_info=\u00bb{}\u00bb][\/et_pb_column][\/et_pb_row][et_pb_row column_structure=\u00bb3_4,1_4&#8243; _builder_version=\u00bb4.22.1&#8243; _module_preset=\u00bbdefault\u00bb custom_padding=\u00bb3em||3em||false|false\u00bb border_width_bottom=\u00bb1px\u00bb border_color_bottom=\u00bb#020B11&#8243; locked=\u00bboff\u00bb global_colors_info=\u00bb{}\u00bb][et_pb_column type=\u00bb3_4&#8243; _builder_version=\u00bb4.22.0&#8243; _module_preset=\u00bbdefault\u00bb global_colors_info=\u00bb{}\u00bb][et_pb_text _builder_version=\u00bb4.22.2&#8243; _module_preset=\u00bbdefault\u00bb animation_style=\u00bbfade\u00bb global_colors_info=\u00bb{}\u00bb]<\/p>\n<h2>Recursos para el aprendizaje del espa\u00f1ol<\/h2>\n<p>[\/et_pb_text][et_pb_text _builder_version=\u00bb4.22.2&#8243; _module_preset=\u00bbdefault\u00bb animation_style=\u00bbfade\u00bb global_colors_info=\u00bb{}\u00bb]<\/p>\n<ul class=\"aportacio_list aportacio_manual\">\n<li class=\"link\"><a href=\"https:\/\/manoloenelaula.wordpress.com\/\" title=\"Https:\/\/manoloenelaula.wordpress.com\/\">\u201cAprende espa\u00f1ol con Manuel V\u00e1zquez Montalb\u00e1n\u201d. En: Manuel V\u00e1zquez Montalb\u00e1n en el aula. <\/a><\/li>\n<\/ul>\n<p>[\/et_pb_text][\/et_pb_column][et_pb_column type=\u00bb1_4&#8243; _builder_version=\u00bb4.22.0&#8243; _module_preset=\u00bbdefault\u00bb global_colors_info=\u00bb{}\u00bb][\/et_pb_column][\/et_pb_row][et_pb_row column_structure=\u00bb3_4,1_4&#8243; _builder_version=\u00bb4.22.1&#8243; _module_preset=\u00bbdefault\u00bb custom_padding=\u00bb3em||3em||false|false\u00bb border_width_bottom=\u00bb1px\u00bb border_color_bottom=\u00bb#020B11&#8243; locked=\u00bboff\u00bb global_colors_info=\u00bb{}\u00bb][et_pb_column type=\u00bb3_4&#8243; _builder_version=\u00bb4.22.0&#8243; _module_preset=\u00bbdefault\u00bb global_colors_info=\u00bb{}\u00bb][et_pb_text _builder_version=\u00bb4.22.2&#8243; _module_preset=\u00bbdefault\u00bb animation_style=\u00bbfade\u00bb global_colors_info=\u00bb{}\u00bb]<\/p>\n<h2>Publicaciones especializadas sobre Manuel V\u00e1zquez Montalb\u00e1n<\/h2>\n<p>[\/et_pb_text][et_pb_text _builder_version=\u00bb4.22.2&#8243; _module_preset=\u00bbdefault\u00bb animation_style=\u00bbfade\u00bb global_colors_info=\u00bb{}\u00bb]<\/p>\n<p><em>MVM: Cuadernos de Estudios Manuel V\u00e1zquez Montalb\u00e1n<\/em>. Revista de investigaci\u00f3n editada por la Asociaci\u00f3n de Estudios Manuel V\u00e1zquez Montalb\u00e1n desde 2013. <a href=\"https:\/\/asociaciondeestudiosmanuelvazquezmontalban.wordpress.com\/mvm-cuadernos-de-estudios-manuel-vazquez-montalban\/\" title=\"Https:\/\/asociaciondeestudiosmanuelvazquezmontalban.wordpress.com\/mvm-cuadernos-de-estudios-manuel-vazquez-montalban\/\" target=\"_blank\" rel=\"noopener\">https:\/\/asociaciondeestudiosmanuelvazquezmontalban.wordpress.com\/mvm-cuadernos-de-estudios-manuel-vazquez-montalban\/<\/a><\/p>\n<p><em>Bibliograf\u00eda sobre la obra de Manuel V\u00e1zquez Montalb\u00e1n. <\/em>Bibliograf\u00eda con cerca de 1300 entradas administradas por la Biblioteca de la Universidad de Oslo y la Asociaci\u00f3n de Estudios Manuel V\u00e1zquez Montalb\u00e1n. <a href=\"https:\/\/ub-baser.uio.no\/bibliomanuel\" title=\"Https:\/\/ub-baser.uio.no\/bibliomanuel\" target=\"_blank\" rel=\"noopener\">https:\/\/ub-baser.uio.no\/bibliomanuel<\/a><\/p>\n<p>&nbsp;<\/p>\n<p>[\/et_pb_text][\/et_pb_column][et_pb_column type=\u00bb1_4&#8243; _builder_version=\u00bb4.22.0&#8243; _module_preset=\u00bbdefault\u00bb global_colors_info=\u00bb{}\u00bb][\/et_pb_column][\/et_pb_row][\/et_pb_section]<\/p>\n","protected":false},"excerpt":{"rendered":"<p>RECURSOSTraducci\u00f3n Texto y selecci\u00f3n de contenidos: Rosa Mar\u00eda Rodr\u00edguez AbellaSeg\u00fan las \u00faltimas estad\u00edsticas del Index Translationum, la base de datos que elabora la Unesco y que mide la cantidad de textos que se traducen del espa\u00f1ol a otros idiomas, Manuel V\u00e1zquez Montalb\u00e1n es uno de los escritores en espa\u00f1ol m\u00e1s traducido a lenguas extranjeras.Si consultamos asimismo el Mapa Mundial de la Traducci\u00f3n del Instituto Cervantes, una herramienta que, por el momento, se presenta solo en 10 lenguas (ingl\u00e9s, chino mandar\u00edn, franc\u00e9s, \u00e1rabe, ruso, alem\u00e1n, japon\u00e9s, portugu\u00e9s e italiano), constatamos que de V\u00e1zquez Montalb\u00e1n se registran 615 traducciones frente a las 1.386 de Cervantes, que es quien ocupa el primer lugar. El an\u00e1lisis de la informaci\u00f3n recopilada en ambas plataformas muestra que, diacr\u00f3nicamente, la primera obra de V\u00e1zquez Montalb\u00e1n en ser trasladada a otra lengua\/cultura fue el ensayo Las noticias y la informaci\u00f3n (Salvat, 1973) publicado en italiano bajo el t\u00edtulo de L\u2019informazione (Istituto geografico De Agostini, 1977). Posteriormente, tambi\u00e9n en italiano, ver\u00e1 la luz la versi\u00f3n del ensayo pol\u00edtico Manifiesto subnormal (Manifesto subnormale, Pellicanolibri, 1980). La tercera obra en ser traducida es Los mares del Sur (Marquises, si vos rivages, Le Sycomore, 1980), cuarta novela de la serie policiaca Carvalho, [&hellip;]<\/p>\n","protected":false},"author":1,"featured_media":0,"parent":0,"menu_order":0,"comment_status":"closed","ping_status":"closed","template":"","meta":{"_et_pb_use_builder":"on","_et_pb_old_content":"","_et_gb_content_width":"","inline_featured_image":false,"footnotes":""},"class_list":["post-1374","page","type-page","status-publish","hentry"],"acf":[],"_links":{"self":[{"href":"https:\/\/vazquezmontalban.bnc.cat\/es\/wp-json\/wp\/v2\/pages\/1374","targetHints":{"allow":["GET"]}}],"collection":[{"href":"https:\/\/vazquezmontalban.bnc.cat\/es\/wp-json\/wp\/v2\/pages"}],"about":[{"href":"https:\/\/vazquezmontalban.bnc.cat\/es\/wp-json\/wp\/v2\/types\/page"}],"author":[{"embeddable":true,"href":"https:\/\/vazquezmontalban.bnc.cat\/es\/wp-json\/wp\/v2\/users\/1"}],"replies":[{"embeddable":true,"href":"https:\/\/vazquezmontalban.bnc.cat\/es\/wp-json\/wp\/v2\/comments?post=1374"}],"version-history":[{"count":19,"href":"https:\/\/vazquezmontalban.bnc.cat\/es\/wp-json\/wp\/v2\/pages\/1374\/revisions"}],"predecessor-version":[{"id":2323,"href":"https:\/\/vazquezmontalban.bnc.cat\/es\/wp-json\/wp\/v2\/pages\/1374\/revisions\/2323"}],"wp:attachment":[{"href":"https:\/\/vazquezmontalban.bnc.cat\/es\/wp-json\/wp\/v2\/media?parent=1374"}],"curies":[{"name":"wp","href":"https:\/\/api.w.org\/{rel}","templated":true}]}}