{"id":1192,"date":"2023-08-05T11:41:48","date_gmt":"2023-08-05T11:41:48","guid":{"rendered":"https:\/\/vazquezmontalban.bnc.cat\/creditos\/"},"modified":"2023-10-18T15:01:32","modified_gmt":"2023-10-18T15:01:32","slug":"creditos","status":"publish","type":"page","link":"https:\/\/vazquezmontalban.bnc.cat\/es\/creditos\/","title":{"rendered":"Cr\u00e9ditos"},"content":{"rendered":"<p>[et_pb_section fb_built=\u00bb1&#8243; admin_label=\u00bbsection\u00bb module_class=\u00bbflex flex-column\u00bb _builder_version=\u00bb4.21.0&#8243; background_image=\u00bbhttps:\/\/vazquezmontalban.bnc.cat\/wp-content\/uploads\/2023\/07\/sg_-scaled.jpg\u00bb custom_padding=\u00bb12em||3em||false|false\u00bb global_colors_info=\u00bb{}\u00bb][et_pb_row column_structure=\u00bb1_2,1_2&#8243; make_equal=\u00bbon\u00bb _builder_version=\u00bb4.21.0&#8243; _module_preset=\u00bbdefault\u00bb custom_margin=\u00bb||0px||false|false\u00bb custom_padding=\u00bb||0px||false|false\u00bb global_colors_info=\u00bb{}\u00bb][et_pb_column type=\u00bb1_2&#8243; _builder_version=\u00bb4.21.0&#8243; _module_preset=\u00bbdefault\u00bb global_colors_info=\u00bb{}\u00bb][et_pb_text _builder_version=\u00bb4.22.0&#8243; _module_preset=\u00bbdefault\u00bb header_text_color=\u00bb#F8F9F2&#8243; header_font_size=\u00bb3em\u00bb custom_margin=\u00bb||0px||false|false\u00bb custom_padding=\u00bb||0px||false|false\u00bb animation_style=\u00bbfade\u00bb global_colors_info=\u00bb{}\u00bb]<\/p>\n<h1>Cr\u00e9ditos<\/h1>\n<p>[\/et_pb_text][\/et_pb_column][et_pb_column type=\u00bb1_2&#8243; _builder_version=\u00bb4.21.0&#8243; _module_preset=\u00bbdefault\u00bb global_colors_info=\u00bb{}\u00bb][\/et_pb_column][\/et_pb_row][\/et_pb_section][et_pb_section fb_built=\u00bb1&#8243; _builder_version=\u00bb4.21.0&#8243; _module_preset=\u00bbdefault\u00bb global_colors_info=\u00bb{}\u00bb][et_pb_row column_structure=\u00bb3_4,1_4&#8243; _builder_version=\u00bb4.21.0&#8243; _module_preset=\u00bbdefault\u00bb global_colors_info=\u00bb{}\u00bb][et_pb_column type=\u00bb3_4&#8243; _builder_version=\u00bb4.21.0&#8243; _module_preset=\u00bbdefault\u00bb global_colors_info=\u00bb{}\u00bb][et_pb_text _builder_version=\u00bb4.22.2&#8243; _module_preset=\u00bbdefault\u00bb text_text_color=\u00bb#020B11&#8243; ul_text_color=\u00bb#020B11&#8243; ol_text_color=\u00bb#020B11&#8243; header_2_font_size=\u00bb2.3em\u00bb animation_style=\u00bbfade\u00bb hover_enabled=\u00bb0&#8243; global_colors_info=\u00bb{}\u00bb sticky_enabled=\u00bb0&#8243;]<\/p>\n<p>La web sobre Manuel de V\u00e1zquez Montalb\u00e1n es una producci\u00f3n de la Biblioteca de Catalunya con la colaboraci\u00f3n de la Asociaci\u00f3n de Estudios Manuel V\u00e1zquez Montalb\u00e1n<\/p>\n<p>&nbsp;<\/p>\n<h2>Directora de la Biblioteca de Catalunya<\/h2>\n<p>Eug\u00e8nia Serra<\/p>\n<h2 class=\"m0-top\">Contenidos<\/h2>\n<p>Biblioteca de Catalunya y la Asociaci\u00f3n de Estudios Manuel V\u00e1zquez Montalb\u00e1n<\/p>\n<h2 class=\"m0-top\">Autores de los textos<\/h2>\n<ul>\n<li>Biograf\u00eda. Jos\u00e9 Vicente Saval<\/li>\n<li>Novela negra. Javier Rivero<\/li>\n<li>Memoria. Jos\u00e9 Colmeiro<\/li>\n<li>Barcelona. Mari Paz Balibrea<\/li>\n<li>FC Barcelona. Jordi Os\u00faa<\/li>\n<li>Gastronom\u00eda. Rosi Song<\/li>\n<li>M\u00e9xico. Sergio Garc\u00eda<\/li>\n<li>Am\u00e9rica Latina. Michael Aronna<\/li>\n<li>Periodismo. Francesc Salgado<\/li>\n<li>Compromiso con el presente. Georges Tyras<\/li>\n<li>Poes\u00eda. Sergio Garc\u00eda<\/li>\n<li>Pol\u00edtica. Jos\u00e9 Mar\u00eda Izquierdo<\/li>\n<li>Recursos sobre educaci\u00f3n. Santiago Sevilla Vallejo<\/li>\n<li>Recursos sobre traducci\u00f3n. Rosa Mar\u00eda Rodr\u00edguez Abella<\/li>\n<\/ul>\n<h2 class=\"m0-top\">Coordinaci\u00f3n por la Associaci\u00f3<\/h2>\n<ul>\n<li>Mari Paz Balibrea<\/li>\n<li>Francesc Salgado<\/li>\n<li>Jos\u00e9 Mar\u00eda Izquierdo<\/li>\n<\/ul>\n<h2 class=\"m0-top\">Coordinaci\u00f3n y revisi\u00f3n de contenidos<\/h2>\n<p>Biblioteca de Catalunya<\/p>\n<h2 class=\"m0-top\">Fotograf\u00edas<\/h2>\n<p>Digitalitzaci\u00f3n. BC y Servicio de Acceso y Obtenci\u00f3n de Documentos. BC<\/p>\n<h2 class=\"m0-top\">Dise\u00f1o gr\u00e1fico y producci\u00f3n<\/h2>\n<p>Iuris.doc<\/p>\n<p>[\/et_pb_text][\/et_pb_column][et_pb_column type=\u00bb1_4&#8243; _builder_version=\u00bb4.21.0&#8243; _module_preset=\u00bbdefault\u00bb global_colors_info=\u00bb{}\u00bb][\/et_pb_column][\/et_pb_row][\/et_pb_section]<\/p>\n","protected":false},"excerpt":{"rendered":"<p>Cr\u00e9ditosLa web sobre Manuel de V\u00e1zquez Montalb\u00e1n es una producci\u00f3n de la Biblioteca de Catalunya con la colaboraci\u00f3n de la Asociaci\u00f3n de Estudios Manuel V\u00e1zquez Montalb\u00e1n &nbsp; Directora de la Biblioteca de Catalunya Eug\u00e8nia Serra Contenidos Biblioteca de Catalunya y la Asociaci\u00f3n de Estudios Manuel V\u00e1zquez Montalb\u00e1n Autores de los textos Biograf\u00eda. Jos\u00e9 Vicente Saval Novela negra. Javier Rivero Memoria. Jos\u00e9 Colmeiro Barcelona. Mari Paz Balibrea FC Barcelona. Jordi Os\u00faa Gastronom\u00eda. Rosi Song M\u00e9xico. Sergio Garc\u00eda Am\u00e9rica Latina. Michael Aronna Periodismo. Francesc Salgado Compromiso con el presente. Georges Tyras Poes\u00eda. Sergio Garc\u00eda Pol\u00edtica. Jos\u00e9 Mar\u00eda Izquierdo Recursos sobre educaci\u00f3n. Santiago Sevilla Vallejo Recursos sobre traducci\u00f3n. Rosa Mar\u00eda Rodr\u00edguez Abella Coordinaci\u00f3n por la Associaci\u00f3 Mari Paz Balibrea Francesc Salgado Jos\u00e9 Mar\u00eda Izquierdo Coordinaci\u00f3n y revisi\u00f3n de contenidos Biblioteca de Catalunya Fotograf\u00edas Digitalitzaci\u00f3n. BC y Servicio de Acceso y Obtenci\u00f3n de Documentos. BC Dise\u00f1o gr\u00e1fico y producci\u00f3n Iuris.doc<\/p>\n","protected":false},"author":1,"featured_media":0,"parent":0,"menu_order":0,"comment_status":"closed","ping_status":"closed","template":"","meta":{"_et_pb_use_builder":"on","_et_pb_old_content":"","_et_gb_content_width":"","inline_featured_image":false,"footnotes":""},"class_list":["post-1192","page","type-page","status-publish","hentry"],"acf":[],"_links":{"self":[{"href":"https:\/\/vazquezmontalban.bnc.cat\/es\/wp-json\/wp\/v2\/pages\/1192","targetHints":{"allow":["GET"]}}],"collection":[{"href":"https:\/\/vazquezmontalban.bnc.cat\/es\/wp-json\/wp\/v2\/pages"}],"about":[{"href":"https:\/\/vazquezmontalban.bnc.cat\/es\/wp-json\/wp\/v2\/types\/page"}],"author":[{"embeddable":true,"href":"https:\/\/vazquezmontalban.bnc.cat\/es\/wp-json\/wp\/v2\/users\/1"}],"replies":[{"embeddable":true,"href":"https:\/\/vazquezmontalban.bnc.cat\/es\/wp-json\/wp\/v2\/comments?post=1192"}],"version-history":[{"count":7,"href":"https:\/\/vazquezmontalban.bnc.cat\/es\/wp-json\/wp\/v2\/pages\/1192\/revisions"}],"predecessor-version":[{"id":2445,"href":"https:\/\/vazquezmontalban.bnc.cat\/es\/wp-json\/wp\/v2\/pages\/1192\/revisions\/2445"}],"wp:attachment":[{"href":"https:\/\/vazquezmontalban.bnc.cat\/es\/wp-json\/wp\/v2\/media?parent=1192"}],"curies":[{"name":"wp","href":"https:\/\/api.w.org\/{rel}","templated":true}]}}