{"id":1186,"date":"2023-08-05T11:34:47","date_gmt":"2023-08-05T11:34:47","guid":{"rendered":"https:\/\/vazquezmontalban.bnc.cat\/aviso-legal\/"},"modified":"2023-08-24T10:51:30","modified_gmt":"2023-08-24T10:51:30","slug":"aviso-legal","status":"publish","type":"page","link":"https:\/\/vazquezmontalban.bnc.cat\/es\/aviso-legal\/","title":{"rendered":"Aviso legal"},"content":{"rendered":"<p>[et_pb_section fb_built=\u00bb1&#8243; admin_label=\u00bbsection\u00bb module_class=\u00bbflex flex-column\u00bb _builder_version=\u00bb4.21.0&#8243; background_image=\u00bbhttps:\/\/vazquezmontalban.bnc.cat\/wp-content\/uploads\/2023\/07\/sg_-scaled.jpg\u00bb custom_padding=\u00bb12em||3em||false|false\u00bb global_colors_info=\u00bb{}\u00bb][et_pb_row column_structure=\u00bb1_2,1_2&#8243; make_equal=\u00bbon\u00bb _builder_version=\u00bb4.21.0&#8243; _module_preset=\u00bbdefault\u00bb custom_margin=\u00bb||0px||false|false\u00bb custom_padding=\u00bb||0px||false|false\u00bb global_colors_info=\u00bb{}\u00bb][et_pb_column type=\u00bb1_2&#8243; _builder_version=\u00bb4.21.0&#8243; _module_preset=\u00bbdefault\u00bb global_colors_info=\u00bb{}\u00bb][et_pb_text _builder_version=\u00bb4.21.0&#8243; _module_preset=\u00bbdefault\u00bb header_text_color=\u00bb#F8F9F2&#8243; header_font_size=\u00bb3em\u00bb custom_margin=\u00bb||0px||false|false\u00bb custom_padding=\u00bb||0px||false|false\u00bb global_colors_info=\u00bb{}\u00bb]<\/p>\n<h1>Aviso legal<\/h1>\n<p>[\/et_pb_text][\/et_pb_column][et_pb_column type=\u00bb1_2&#8243; _builder_version=\u00bb4.21.0&#8243; _module_preset=\u00bbdefault\u00bb global_colors_info=\u00bb{}\u00bb][\/et_pb_column][\/et_pb_row][\/et_pb_section][et_pb_section fb_built=\u00bb1&#8243; _builder_version=\u00bb4.21.0&#8243; _module_preset=\u00bbdefault\u00bb global_colors_info=\u00bb{}\u00bb][et_pb_row column_structure=\u00bb3_4,1_4&#8243; _builder_version=\u00bb4.21.0&#8243; _module_preset=\u00bbdefault\u00bb global_colors_info=\u00bb{}\u00bb][et_pb_column type=\u00bb3_4&#8243; _builder_version=\u00bb4.21.0&#8243; _module_preset=\u00bbdefault\u00bb global_colors_info=\u00bb{}\u00bb][et_pb_text _builder_version=\u00bb4.21.0&#8243; _module_preset=\u00bbdefault\u00bb text_text_color=\u00bb#020B11&#8243; ul_text_color=\u00bb#DF0000&#8243; ol_text_color=\u00bb#020B11&#8243; global_colors_info=\u00bb{}\u00bb]Este sitio web y el dominio <em>bnc.cat <\/em>pertenece a la Biblioteca de Catalunya, con domicilio en la calle Hospital, 56, 08001 Barcelona, tfno. +34 93 270 23 00 CIF Q5850029I.<\/p>\n<p>El sitio web y todos sus contenidos, incluyendo los textos, im\u00e1genes, sonido y cualquier otro material, son propiedad de la Biblioteca de Catalunya o de alg\u00fan organismo vinculado, o de terceros que hayan autorizado el uso de estos contenidos en la Biblioteca de Catalunya.<\/p>\n<p>La Biblioteca de Catalunya pone los contenidos a disposici\u00f3n p\u00fablica con finalidades de informaci\u00f3n y de investigaci\u00f3n atendiendo a las funciones que le son propias, y a no ser que se indique de forma expresa para casos particulares, los contenidos de este sitio web est\u00e1n sujetos a una licencia <a href=\"http:\/\/creativecommons.org\/licenses\/by-nc-nd\/2.5\/es\/\" title=\"Http:\/\/creativecommons.org\/licenses\/by-nc-nd\/2.5\/es\/\">Creative Commons de: Reconocimiento-NoComercial-SenseObraDerivada 2.5 Espa\u00f1a.<\/a><\/p>\n<p>Esta licencia autoriza la reproducci\u00f3n y comunicaci\u00f3n p\u00fablica de los contenidos siempre que se cite los autores y la fuente (Biblioteca de Catalunya) y no autoriza usos comerciales ni hacer obras derivadas.<\/p>\n<p>Esta obra est\u00e1 sujeta a una licencia de <a href=\"http:\/\/creativecommons.org\/licenses\/by-nc-nd\/2.5\/es\/\" title=\"Http:\/\/creativecommons.org\/licenses\/by-nc-nd\/2.5\/es\/\">Reconocimiento-No comercial-Sin obras derivadas 2.5 Espa\u00f1a de Creative Commons<\/a><\/p>\n<p><strong>Las condiciones de uso del sitio web son las siguientes:<\/strong><\/p>\n<ol>\n<li class=\"m1-bottom\">S\u00f3lo est\u00e1 autorizado el uso no comercial . No est\u00e1 permitida la modificaci\u00f3n de la web ni de sus contenidos. No se autorizan presentaciones de los contenidos de este sitio web en una ventana ajena (framing) sin la autorizaci\u00f3n expresa. La Biblioteca presenta con este medio los dise\u00f1os y logotipos que la identifican, los cuales pueden ser utilizados \u00fanicamente para identificar actividades o iniciativas propias de la Biblioteca en la cual \u00e9sta tenga una participaci\u00f3n expl\u00edcita.<\/li>\n<li>La informaci\u00f3n administrativa facilitada a trav\u00e9s de esta web no sustituye la publicidad legal de las leyes, de las disposiciones generales y de los actos que tengan que ser publicados formalmente en el DOGC y otros diarios oficiales, cuya edici\u00f3n impresa es el \u00fanico instrumento que da fe de su autenticidad y contenido.<\/li>\n<li class=\"m1-bottom\">La Biblioteca de Catalunya no se hace responsable de la informaci\u00f3n que se puede obtener a trav\u00e9s de enlaces a sistemas externos que no sean dependientes de la biblioteca.<\/li>\n<li class=\"m1-bottom\">La Biblioteca de Catalunya no garantiza que la web y el servidor est\u00e9n libres de virus y no se hace responsable de los posibles da\u00f1os causados por el acceso a la web o por los perjuicios causados por la imposibilidad de acceder a causa de aver\u00edas, desconexiones o sobrecarga de las l\u00edneas. Tampoco se hace responsable de los da\u00f1os causados por terceras personas que hagan intromisiones ileg\u00edtimas fuera del control de la Biblioteca. Cuando sea posible se advertir\u00e1 a los usuarios previamente sobre posibles interrupciones de la web y\/o de sus servicios vinculados.<\/li>\n<li class=\"m1-bottom\">La Biblioteca de Catalunya informa que el uso de galletas para procesos internos de funcionamiento u otros medios tecnol\u00f3gicos o anal\u00f3gicos que se puedan utilizar servir\u00e1n para almacenar informaci\u00f3n que permita identificar a la persona f\u00edsica usuaria de la web.<\/li>\n<li class=\"m1-bottom\">La Biblioteca de Catalunya en cumplimiento de la normativa de protecci\u00f3n de datos de car\u00e1cter personal garantiza la confidencialidad de los datos personales que se puedan obtener utilizando formularios u otros elementos con el fin de dar un servicio. En cualquier caso, los usuarios son informados previamente antes de rellenar los formularios. Los datos recogidos se utilizan \u00fanicamente para la finalidad indicada en cada caso. Para m\u00e1s informaci\u00f3n, consultar el apartado sobre <span><a href=\"https:\/\/www.bnc.cat\/rgpd\" title=\"Https:\/\/www.bnc.cat\/rgpd\">Protecci\u00f3n de Datos.<\/a><\/span>.<\/li>\n<li class=\"m1-bottom\">La Biblioteca de Catalunya se reserva el derecho a modificar unilateralmente, en cualquier momento y sin previo aviso, la presentaci\u00f3n, configuraci\u00f3n y los contenidos de la web y las condiciones requeridas para su uso.<\/li>\n<li>La Biblioteca de Catalunya se reserva el derecho de emprender las acciones legales que crea oportunas en caso de vulneraci\u00f3n de los derechos de propiedad intelectual. En caso de posibles conflictos relativos a este sitio web ser\u00e1 el derecho del Estado espa\u00f1ol y de Catalunya lo que regir\u00e1, y ser\u00e1n los juzgados de Barcelona los que tendr\u00e1n competencia.<\/li>\n<\/ol>\n<p>[\/et_pb_text][\/et_pb_column][et_pb_column type=\u00bb1_4&#8243; _builder_version=\u00bb4.21.0&#8243; _module_preset=\u00bbdefault\u00bb global_colors_info=\u00bb{}\u00bb][\/et_pb_column][\/et_pb_row][\/et_pb_section]<\/p>\n","protected":false},"excerpt":{"rendered":"<p>Aviso legalEste sitio web y el dominio bnc.cat pertenece a la Biblioteca de Catalunya, con domicilio en la calle Hospital, 56, 08001 Barcelona, tfno. +34 93 270 23 00 CIF Q5850029I. El sitio web y todos sus contenidos, incluyendo los textos, im\u00e1genes, sonido y cualquier otro material, son propiedad de la Biblioteca de Catalunya o de alg\u00fan organismo vinculado, o de terceros que hayan autorizado el uso de estos contenidos en la Biblioteca de Catalunya. La Biblioteca de Catalunya pone los contenidos a disposici\u00f3n p\u00fablica con finalidades de informaci\u00f3n y de investigaci\u00f3n atendiendo a las funciones que le son propias, y a no ser que se indique de forma expresa para casos particulares, los contenidos de este sitio web est\u00e1n sujetos a una licencia Creative Commons de: Reconocimiento-NoComercial-SenseObraDerivada 2.5 Espa\u00f1a. Esta licencia autoriza la reproducci\u00f3n y comunicaci\u00f3n p\u00fablica de los contenidos siempre que se cite los autores y la fuente (Biblioteca de Catalunya) y no autoriza usos comerciales ni hacer obras derivadas. Esta obra est\u00e1 sujeta a una licencia de Reconocimiento-No comercial-Sin obras derivadas 2.5 Espa\u00f1a de Creative Commons Las condiciones de uso del sitio web son las siguientes: S\u00f3lo est\u00e1 autorizado el uso no comercial . No est\u00e1 permitida [&hellip;]<\/p>\n","protected":false},"author":1,"featured_media":0,"parent":0,"menu_order":0,"comment_status":"closed","ping_status":"closed","template":"","meta":{"_et_pb_use_builder":"on","_et_pb_old_content":"","_et_gb_content_width":"","inline_featured_image":false,"footnotes":""},"class_list":["post-1186","page","type-page","status-publish","hentry"],"acf":[],"_links":{"self":[{"href":"https:\/\/vazquezmontalban.bnc.cat\/es\/wp-json\/wp\/v2\/pages\/1186","targetHints":{"allow":["GET"]}}],"collection":[{"href":"https:\/\/vazquezmontalban.bnc.cat\/es\/wp-json\/wp\/v2\/pages"}],"about":[{"href":"https:\/\/vazquezmontalban.bnc.cat\/es\/wp-json\/wp\/v2\/types\/page"}],"author":[{"embeddable":true,"href":"https:\/\/vazquezmontalban.bnc.cat\/es\/wp-json\/wp\/v2\/users\/1"}],"replies":[{"embeddable":true,"href":"https:\/\/vazquezmontalban.bnc.cat\/es\/wp-json\/wp\/v2\/comments?post=1186"}],"version-history":[{"count":2,"href":"https:\/\/vazquezmontalban.bnc.cat\/es\/wp-json\/wp\/v2\/pages\/1186\/revisions"}],"predecessor-version":[{"id":1188,"href":"https:\/\/vazquezmontalban.bnc.cat\/es\/wp-json\/wp\/v2\/pages\/1186\/revisions\/1188"}],"wp:attachment":[{"href":"https:\/\/vazquezmontalban.bnc.cat\/es\/wp-json\/wp\/v2\/media?parent=1186"}],"curies":[{"name":"wp","href":"https:\/\/api.w.org\/{rel}","templated":true}]}}