{"id":1149,"date":"2023-08-06T11:09:30","date_gmt":"2023-08-06T11:09:30","guid":{"rendered":"https:\/\/vazquezmontalban.bnc.cat\/biografia\/"},"modified":"2023-09-29T09:32:57","modified_gmt":"2023-09-29T09:32:57","slug":"biografia","status":"publish","type":"page","link":"https:\/\/vazquezmontalban.bnc.cat\/es\/biografia\/","title":{"rendered":"Biograf\u00eda"},"content":{"rendered":"<p>[et_pb_section fb_built=\u00bb1&#8243; admin_label=\u00bbsection\u00bb module_class=\u00bbflex flex-column hero\u00bb _builder_version=\u00bb4.21.2&#8243; background_image=\u00bbhttps:\/\/vazquezmontalban.bnc.cat\/wp-content\/uploads\/2023\/08\/Hero_Biografia-scaled.jpg\u00bb custom_padding=\u00bb12em||3em||false|false\u00bb background_last_edited=\u00bbon|phone\u00bb background_image_phone=\u00bbhttps:\/\/vazquezmontalban.bnc.cat\/wp-content\/uploads\/2023\/08\/Hero_Biografia_res.jpg\u00bb background_enable_image_phone=\u00bbon\u00bb global_colors_info=\u00bb{}\u00bb][et_pb_row column_structure=\u00bb1_2,1_2&#8243; make_equal=\u00bbon\u00bb _builder_version=\u00bb4.21.0&#8243; _module_preset=\u00bbdefault\u00bb custom_margin=\u00bb||0px||false|false\u00bb custom_padding=\u00bb||0px||false|false\u00bb global_colors_info=\u00bb{}\u00bb][et_pb_column type=\u00bb1_2&#8243; _builder_version=\u00bb4.21.0&#8243; _module_preset=\u00bbdefault\u00bb global_colors_info=\u00bb{}\u00bb][et_pb_text _builder_version=\u00bb4.22.0&#8243; _module_preset=\u00bbdefault\u00bb header_font=\u00bb|||on|||||\u00bb header_text_color=\u00bb#F8F9F2&#8243; header_font_size=\u00bb3em\u00bb custom_margin=\u00bb||0px||false|false\u00bb custom_padding=\u00bb||0px||false|false\u00bb animation_style=\u00bbfade\u00bb global_colors_info=\u00bb{}\u00bb]<\/p>\n<h1>Biograf\u00eda<\/h1>\n<p>[\/et_pb_text][et_pb_text module_class=\u00bbserif\u00bb _builder_version=\u00bb4.22.2&#8243; _module_preset=\u00bbdefault\u00bb text_text_color=\u00bb#F8F9F2&#8243; text_font_size=\u00bb2em\u00bb animation_style=\u00bbfade\u00bb saved_tabs=\u00bball\u00bb locked=\u00bboff\u00bb global_colors_info=\u00bb{}\u00bb]<\/p>\n<p class=\"xmsonormal\"><span>Texto y selecci\u00f3n de contenidos: Jos\u00e9 Vicente Saval <o:p><\/o:p><\/span><\/p>\n<p>[\/et_pb_text][\/et_pb_column][et_pb_column type=\u00bb1_2&#8243; _builder_version=\u00bb4.21.0&#8243; _module_preset=\u00bbdefault\u00bb global_colors_info=\u00bb{}\u00bb][\/et_pb_column][\/et_pb_row][\/et_pb_section][et_pb_section fb_built=\u00bb1&#8243; _builder_version=\u00bb4.21.0&#8243; _module_preset=\u00bbdefault\u00bb global_colors_info=\u00bb{}\u00bb][et_pb_row column_structure=\u00bb3_4,1_4&#8243; custom_padding_last_edited=\u00bbon|phone\u00bb _builder_version=\u00bb4.22.1&#8243; _module_preset=\u00bbdefault\u00bb custom_padding_tablet=\u00bb\u00bb custom_padding_phone=\u00bb0px||0px||false|false\u00bb global_colors_info=\u00bb{}\u00bb][et_pb_column type=\u00bb3_4&#8243; _builder_version=\u00bb4.21.0&#8243; _module_preset=\u00bbdefault\u00bb global_colors_info=\u00bb{}\u00bb][et_pb_text _builder_version=\u00bb4.21.0&#8243; _module_preset=\u00bbdefault\u00bb animation_style=\u00bbfade\u00bb hover_enabled=\u00bb0&#8243; global_colors_info=\u00bb{}\u00bb sticky_enabled=\u00bb0&#8243;]<\/p>\n<h2>Mi vida es <em>m\u00e1s historia <\/em> que vida hasta los a\u00f1os setenta y desde entonces ha sido m\u00e1s <em>literatura <\/em> que vida.<\/h2>\n<p>[\/et_pb_text][\/et_pb_column][et_pb_column type=\u00bb1_4&#8243; _builder_version=\u00bb4.21.0&#8243; _module_preset=\u00bbdefault\u00bb global_colors_info=\u00bb{}\u00bb][\/et_pb_column][\/et_pb_row][et_pb_row column_structure=\u00bb3_4,1_4&#8243; custom_padding_last_edited=\u00bbon|phone\u00bb _builder_version=\u00bb4.22.1&#8243; _module_preset=\u00bbdefault\u00bb custom_padding_tablet=\u00bb\u00bb custom_padding_phone=\u00bb0px||0px||true|false\u00bb global_colors_info=\u00bb{}\u00bb][et_pb_column type=\u00bb3_4&#8243; _builder_version=\u00bb4.21.0&#8243; _module_preset=\u00bbdefault\u00bb global_colors_info=\u00bb{}\u00bb][et_pb_text _builder_version=\u00bb4.22.2&#8243; _module_preset=\u00bbdefault\u00bb text_text_color=\u00bb#020B11&#8243; animation_style=\u00bbfade\u00bb hover_enabled=\u00bb0&#8243; global_colors_info=\u00bb{}\u00bb sticky_enabled=\u00bb0&#8243;]<\/p>\n<p>Como dec\u00eda Manuel V\u00e1zquez Montalb\u00e1n: \u201cmi vida es m\u00e1s historia que vida hasta los a\u00f1os setenta y desde entonces ha sido m\u00e1s literatura que vida\u201d. Reconocido internacionalmente gracias a su m\u00e1s destacado personaje, el detective Carvalho, se form\u00f3 como periodista y escribi\u00f3 m\u00e1s de 8000 art\u00edculos. Estuvo implicado en la lucha antifranquista y lleg\u00f3 a ser uno de los escritores m\u00e1s importantes del per\u00edodo de la transici\u00f3n democr\u00e0tica. Public\u00f3 poes\u00eda, novela y ensayo, con algunas incursiones en la escena teatral. Aport\u00f3 una visi\u00f3n cr\u00edtica de la realidad pol\u00edtica de su tiempo, tomando siempre el lado de los m\u00e1s desfavorecidos.<\/p>\n<p>[\/et_pb_text][\/et_pb_column][et_pb_column type=\u00bb1_4&#8243; _builder_version=\u00bb4.21.0&#8243; _module_preset=\u00bbdefault\u00bb global_colors_info=\u00bb{}\u00bb][\/et_pb_column][\/et_pb_row][\/et_pb_section][et_pb_section fb_built=\u00bb1&#8243; _builder_version=\u00bb4.21.0&#8243; _module_preset=\u00bbdefault\u00bb custom_padding=\u00bb0px||||false|false\u00bb global_colors_info=\u00bb{}\u00bb][et_pb_row custom_padding_last_edited=\u00bbon|phone\u00bb _builder_version=\u00bb4.22.1&#8243; _module_preset=\u00bbdefault\u00bb custom_margin=\u00bb||2em||false|false\u00bb custom_padding_tablet=\u00bb\u00bb custom_padding_phone=\u00bb0px||0px||false|false\u00bb global_colors_info=\u00bb{}\u00bb][et_pb_column type=\u00bb4_4&#8243; _builder_version=\u00bb4.21.0&#8243; _module_preset=\u00bbdefault\u00bb global_colors_info=\u00bb{}\u00bb][et_pb_text _builder_version=\u00bb4.21.0&#8243; _module_preset=\u00bbdefault\u00bb animation_style=\u00bbfade\u00bb hover_enabled=\u00bb0&#8243; global_colors_info=\u00bb{}\u00bb sticky_enabled=\u00bb0&#8243;]<\/p>\n<h2>Biograf\u00edas <em>publicadas<\/em><\/h2>\n<p>[\/et_pb_text][\/et_pb_column][\/et_pb_row][et_pb_row _builder_version=\u00bb4.21.0&#8243; _module_preset=\u00bbdefault\u00bb width=\u00bb100%\u00bb max_width=\u00bb100%\u00bb custom_margin=\u00bb0px||0px||false|false\u00bb custom_padding=\u00bb0px||0px||false|false\u00bb global_colors_info=\u00bb{}\u00bb][et_pb_column type=\u00bb4_4&#8243; _builder_version=\u00bb4.21.0&#8243; _module_preset=\u00bbdefault\u00bb global_colors_info=\u00bb{}\u00bb][dsm_card_carousel centered_slides=\u00bbon\u00bb slide_to_show=\u00bb4&#8243; equal_height=\u00bbon\u00bb dots=\u00bboff\u00bb module_class=\u00bbc\u00bb _builder_version=\u00bb4.21.0&#8243; _module_preset=\u00bbdefault\u00bb custom_margin=\u00bb0px||0px||false|false\u00bb custom_padding=\u00bb0px||0px||false|false\u00bb animation_style=\u00bbfade\u00bb global_colors_info=\u00bb{}\u00bb][dsm_card_carousel_child module_class=\u00bbimg_zoom_onhover\u00bb image=\u00bbhttps:\/\/vazquezmontalban.bnc.cat\/wp-content\/uploads\/2023\/08\/1.Biografia_1.jpg\u00bb image_background_height=\u00bb500px\u00bb image_background_position=\u00bbcenter_right\u00bb image_popup=\u00bbon\u00bb image_popup_src=\u00bbhttps:\/\/vazquezmontalban.bnc.cat\/wp-content\/uploads\/2023\/08\/1.Biografia_1.jpg\u00bb button_url_new_window=\u00bb1&#8243; _builder_version=\u00bb4.21.0&#8243; _module_preset=\u00bbdefault\u00bb body_text_color=\u00bb#F8F9F2&#8243; body_line_height=\u00bb1.4em\u00bb global_colors_info=\u00bb{}\u00bb]<\/p>\n<p>Blanco Chivite, Manuel. <em>Carvalho: biograf\u00eda de un detective de ficci\u00f3n<\/em>. Madrid: Ediciones Vosa, 1997.<\/p>\n<p>[\/dsm_card_carousel_child][dsm_card_carousel_child module_class=\u00bbimg_zoom_onhover\u00bb image=\u00bbhttps:\/\/vazquezmontalban.bnc.cat\/wp-content\/uploads\/2023\/08\/1.Biografia_2.jpg\u00bb image_background_height=\u00bb500px\u00bb image_background_position=\u00bbcenter_right\u00bb image_popup=\u00bbon\u00bb image_popup_src=\u00bbhttps:\/\/vazquezmontalban.bnc.cat\/wp-content\/uploads\/2023\/08\/1.Biografia_2.jpg\u00bb button_url_new_window=\u00bb1&#8243; _builder_version=\u00bb4.21.0&#8243; _module_preset=\u00bbdefault\u00bb body_text_color=\u00bb#F8F9F2&#8243; body_line_height=\u00bb1.4em\u00bb global_colors_info=\u00bb{}\u00bb]<\/p>\n<p>Estrade, Florence. <em>Manuel V\u00e1zquez Montalb\u00e1n<\/em>. Barcelona: Ediciones de la Tempestad, 2004.<\/p>\n<p>[\/dsm_card_carousel_child][dsm_card_carousel_child module_class=\u00bbimg_zoom_onhover\u00bb image=\u00bbhttps:\/\/vazquezmontalban.bnc.cat\/wp-content\/uploads\/2023\/08\/1.Biografia_3.jpg\u00bb image_background_height=\u00bb500px\u00bb image_popup=\u00bbon\u00bb image_popup_src=\u00bbhttps:\/\/vazquezmontalban.bnc.cat\/wp-content\/uploads\/2023\/08\/1.Biografia_3.jpg\u00bb button_url_new_window=\u00bb1&#8243; _builder_version=\u00bb4.21.0&#8243; _module_preset=\u00bbdefault\u00bb body_text_color=\u00bb#F8F9F2&#8243; body_line_height=\u00bb1.4em\u00bb global_colors_info=\u00bb{}\u00bb]<\/p>\n<p>Saval, Jos\u00e9 Vicente.<em> Manuel V\u00e1zquez Montalb\u00e1n : el triunfo de un luchador incansable<\/em>. Madrid: S\u00edntesis, 2004.<\/p>\n<p>[\/dsm_card_carousel_child][dsm_card_carousel_child module_class=\u00bbimg_zoom_onhover\u00bb image=\u00bbhttps:\/\/vazquezmontalban.bnc.cat\/wp-content\/uploads\/2023\/08\/1.Biografia_4.jpg\u00bb image_background_height=\u00bb500px\u00bb image_popup=\u00bbon\u00bb image_popup_src=\u00bbhttps:\/\/vazquezmontalban.bnc.cat\/wp-content\/uploads\/2023\/08\/1.Biografia_4.jpg\u00bb button_url_new_window=\u00bb1&#8243; _builder_version=\u00bb4.21.0&#8243; _module_preset=\u00bbdefault\u00bb body_text_color=\u00bb#F8F9F2&#8243; body_line_height=\u00bb1.4em\u00bb global_colors_info=\u00bb{}\u00bb]<\/p>\n<p>Saval, Jos\u00e9 Vicente. <em>V\u00e1zquez Montalb\u00e1n : una biograf\u00eda revisada.<\/em> Barcelona: Alrev\u00e9s, 2013.<\/p>\n<p>[\/dsm_card_carousel_child][\/dsm_card_carousel][\/et_pb_column][\/et_pb_row][\/et_pb_section][et_pb_section fb_built=\u00bb1&#8243; _builder_version=\u00bb4.21.0&#8243; _module_preset=\u00bbdefault\u00bb global_colors_info=\u00bb{}\u00bb][et_pb_row column_structure=\u00bb3_4,1_4&#8243; _builder_version=\u00bb4.21.0&#8243; _module_preset=\u00bbdefault\u00bb custom_padding=\u00bb0px||0px||false|false\u00bb global_colors_info=\u00bb{}\u00bb][et_pb_column type=\u00bb3_4&#8243; _builder_version=\u00bb4.21.0&#8243; _module_preset=\u00bbdefault\u00bb global_colors_info=\u00bb{}\u00bb][et_pb_text module_class=\u00bbaportacions\u00bb _builder_version=\u00bb4.21.0&#8243; _module_preset=\u00bbdefault\u00bb animation_style=\u00bbfade\u00bb global_colors_info=\u00bb{}\u00bb]<\/p>\n<h3>Enciclopedias y diccionarios biogr\u00e1ficos<\/h3>\n<p>[\/et_pb_text][et_pb_text _builder_version=\u00bb4.21.0&#8243; _module_preset=\u00bbdefault\u00bb animation_style=\u00bbfade\u00bb global_colors_info=\u00bb{}\u00bb]<\/p>\n<ul class=\"aportacio_list\">\n<li class=\"link\"><a href=\"https:\/\/www.enciclopedia.cat\/gran-enciclopedia-catalana\/manuel-vazquez-montalban\" title=\"Https:\/\/www.enciclopedia.cat\/gran-enciclopedia-catalana\/manuel-vazquez-montalban\" target=\"_blank\" rel=\"noopener\">\u00abManuel V\u00e1zquez Montalb\u00e1n\u00bb. A: <em>Enciclop\u00e8dia.cat<\/em>.<\/a><\/li>\n<li class=\"link\"><a href=\"https:\/\/dbe.rah.es\/biografias\/5025\/manuel-vazquez-montalban\" title=\"Https:\/\/dbe.rah.es\/biografias\/5025\/manuel-vazquez-montalban\" target=\"_blank\" rel=\"noopener\">Saval, Jos\u00e9 Vicente. \u00abManuel V\u00e1zquez Montalb\u00e1n\u00bb. A: <em>Diccionario Biogr\u00e1fico electr\u00f3nico (DB~e). <\/em>Real Academia de la Historia.<\/a><\/li>\n<\/ul>\n<p>[\/et_pb_text][et_pb_text module_class=\u00bbaportacions\u00bb _builder_version=\u00bb4.21.0&#8243; _module_preset=\u00bbdefault\u00bb animation_style=\u00bbfade\u00bb global_colors_info=\u00bb{}\u00bb]<\/p>\n<h3>Biograf\u00edas online<\/h3>\n<p>[\/et_pb_text][et_pb_text _builder_version=\u00bb4.21.0&#8243; _module_preset=\u00bbdefault\u00bb animation_style=\u00bbfade\u00bb global_colors_info=\u00bb{}\u00bb]<\/p>\n<ul class=\"aportacio_list aportacio_manual\">\n<li class=\"link\"><a href=\"https:\/\/www.biografiasyvidas.com\/biografia\/v\/vazquez_montalban.htm\" title=\"Https:\/\/www.biografiasyvidas.com\/biografia\/v\/vazquez_montalban.htm\" target=\"_blank\" rel=\"noopener\">Fern\u00e1ndez, Tom\u00e1s y Tamaro, Elena. \u00abBiografia de Manuel V\u00e1zquez Montalb\u00e1n\u00bb. A<em>: Biograf\u00edas y Vidas. La enciclopedia biogr\u00e1fica en l\u00ednia<\/em>. Barcelona, 2004.<\/a><\/li>\n<li class=\"link\"><a href=\"https:\/\/www.escritores.org\/biografias\/308-manuel-vazquez-montalban\" title=\"Https:\/\/www.escritores.org\/biografias\/308-manuel-vazquez-montalban\" target=\"_blank\" rel=\"noopener\">\u00abManuel Vazquez Montalb\u00e1n\u00bb. A: <em>Biograf\u00edas de escritores. Escritores.org.<\/em>  2013.<\/a><\/li>\n<li class=\"link\"><a href=\"https:\/\/personajeshistoricos.com\/c-escritores\/manuel-vazquez-montalban\/\" title=\"Https:\/\/personajeshistoricos.com\/c-escritores\/manuel-vazquez-montalban\/\" target=\"_blank\" rel=\"noopener\">\u00abManuel Vazquez Montalban: biografia, libros, frases, y m\u00e1s\u00bb. A: <em><u>Personajes hist\u00f3ricos<\/u><\/em>.<\/a><\/li>\n<li class=\"link\"><a href=\"https:\/\/www.joanducros.net\/vazquez-montalban-manuel\/\" title=\"Https:\/\/www.joanducros.net\/vazquez-montalban-manuel\/\" target=\"_blank\" rel=\"noopener\">\u00abV\u00e1zquez Montalb\u00e1n, Manuel\u00bb. A<em>: <\/em><em>JoanDucros.net<\/em>. 2019.<\/a><\/li>\n<\/ul>\n<p>[\/et_pb_text][\/et_pb_column][et_pb_column type=\u00bb1_4&#8243; _builder_version=\u00bb4.21.0&#8243; _module_preset=\u00bbdefault\u00bb global_colors_info=\u00bb{}\u00bb][\/et_pb_column][\/et_pb_row][et_pb_row _builder_version=\u00bb4.21.0&#8243; _module_preset=\u00bbdefault\u00bb global_colors_info=\u00bb{}\u00bb][et_pb_column type=\u00bb4_4&#8243; _builder_version=\u00bb4.21.0&#8243; _module_preset=\u00bbdefault\u00bb global_colors_info=\u00bb{}\u00bb][et_pb_text _builder_version=\u00bb4.22.1&#8243; _module_preset=\u00bbdefault\u00bb global_colors_info=\u00bb{}\u00bb]<div class=\"aportacions aportacions_left et_pb_row nm np width flex\"><div class=\"et_pb_column et_pb_column_1_2 aportacions_col1 \"><h3>Audiovisuales<\/h3><ul class=\"aportacio_list\"><li data-aportacio=\"0\" class=\"video triggable\" data-list=\"audiovisuales\"><p><em>Ep\u00edlogo<\/em>. Canal+. 18 de octubre de 2002.<\/p>\n<\/li><li class=\"aportacio_content responsive video active\" data-aportacio=\"0\" data-list=\"audiovisuales\"><div class=\"videoWrapper\">\n\t\t\t\t<iframe loading=\"lazy\" width=\"560\" height=\"315\" src=\"https:\/\/www.youtube.com\/embed\/_4ueSwSyyvs\" title=\"YouTube video player\" frameborder=\"0\" allow=\"accelerometer; autoplay; clipboard-write; encrypted-media; gyroscope; picture-in-picture; web-share\" allowfullscreen><\/iframe>\n\t\t\t\t<\/div><\/li><li data-aportacio=\"1\" class=\"link\" data-list=\"audiovisuales\"><a href=\"https:\/\/www.rtve.es\/play\/videos\/autorretrato\/autorretrato-manuel-vazquez-montalban\/4724269\/\" target=\"_blank\" title=\"Autorretrato: MVM, un viejo columnista. Entrevista de Pablo Lizcano. RTVE play. 22 de mayo de 1984.\n\"><p><em>Autorretrato: MVM, un viejo columnista<\/em>. Entrevista de Pablo Lizcano. RTVE play. 22 de mayo de 1984.<\/p>\n<\/a><\/li><li data-aportacio=\"2\" class=\"link\" data-list=\"audiovisuales\"><a href=\"https:\/\/www.rtve.es\/play\/audios\/documentos-rne\/documentos-rne-vazquez-montalban-sentimental-comprometido-01-03-14\/2422387\/\" target=\"_blank\" title=\"Un sentimental comprometido. Documentos rne. RTVE play. 2 de agosto de 2014.\n\"><p><em>Un sentimental comprometido<\/em>. Documentos rne. RTVE play. 2 de agosto de 2014.<\/p>\n<\/a><\/li><li data-aportacio=\"3\" class=\"link\" data-list=\"audiovisuales\"><a href=\"https:\/\/www.youtube.com\/watch?v=2WQWMGhU56E\" target=\"_blank\" title=\"Manuel V\u00e1zquez Montalb\u00e1n a Fondo. Entrevista de Joaqu\u00edn Soler Serrano. Editrama. 21 de octubre de 1979.\n\"><p><em>Manuel V\u00e1zquez Montalb\u00e1n a Fondo<\/em>. Entrevista de Joaqu\u00edn Soler Serrano. Editrama. 21 de octubre de 1979.<\/p>\n<\/a><\/li><li data-aportacio=\"4\" class=\"link\" data-list=\"audiovisuales\"><a href=\"https:\/\/www.ccma.cat\/tv3\/alacarta\/telenoticies\/deu-anys-de-la-mort-de-vazquez-montalban\/video\/4720092\/\" target=\"_blank\" title=\"Deu anys de la mort de V\u00e1zquez Montalb\u00e1n. Clip TN Migdia. TV3. 19 de octubre de 2013.\n\"><p><em>Deu anys de la mort de V\u00e1zquez Montalb\u00e1n<\/em>. Clip TN Migdia. TV3. 19 de octubre de 2013.<\/p>\n<\/a><\/li><\/ul><\/div><div class=\"et_pb_column et_pb_column_1_2 aportacions_col2 et-last-child\"><div class=\"aportacio_content_holder\"><div class=\"aportacio_content video active\" data-aportacio=\"0\" data-list=\"audiovisuales\"><div class=\"videoWrapper\">\n\t\t\t\t<iframe loading=\"lazy\" width=\"560\" height=\"315\" src=\"https:\/\/www.youtube.com\/embed\/_4ueSwSyyvs\" title=\"YouTube video player\" frameborder=\"0\" allow=\"accelerometer; autoplay; clipboard-write; encrypted-media; gyroscope; picture-in-picture; web-share\" allowfullscreen><\/iframe>\n\t\t\t\t<\/div><\/div><\/div><\/div><\/div>[\/et_pb_text][\/et_pb_column][\/et_pb_row][\/et_pb_section]<\/p>\n","protected":false},"excerpt":{"rendered":"<p>Biograf\u00edaTexto y selecci\u00f3n de contenidos: Jos\u00e9 Vicente Saval Mi vida es m\u00e1s historia que vida hasta los a\u00f1os setenta y desde entonces ha sido m\u00e1s literatura que vida.Como dec\u00eda Manuel V\u00e1zquez Montalb\u00e1n: \u201cmi vida es m\u00e1s historia que vida hasta los a\u00f1os setenta y desde entonces ha sido m\u00e1s literatura que vida\u201d. Reconocido internacionalmente gracias a su m\u00e1s destacado personaje, el detective Carvalho, se form\u00f3 como periodista y escribi\u00f3 m\u00e1s de 8000 art\u00edculos. Estuvo implicado en la lucha antifranquista y lleg\u00f3 a ser uno de los escritores m\u00e1s importantes del per\u00edodo de la transici\u00f3n democr\u00e0tica. Public\u00f3 poes\u00eda, novela y ensayo, con algunas incursiones en la escena teatral. Aport\u00f3 una visi\u00f3n cr\u00edtica de la realidad pol\u00edtica de su tiempo, tomando siempre el lado de los m\u00e1s desfavorecidos.Biograf\u00edas publicadas<div class=\"et_pb_module dsm_card_carousel dsm_card_carousel_0 c et_animated dsm_card_carousel_layout_stacked  dsm_card_carousel_equal_height dsm_card_carousel_arrow_outside dsm_card_carousel_arrow_mobile_inside\">\n\t\t\t\t\n\t\t\t\t\n\t\t\t\t\n\t\t\t\t\n\t\t\t\t\n\t\t\t\t\n\t\t\t\t<div class=\"et_pb_module_inner\">\n\t\t\t\t\t\n\t\t\t\n\t\t\t<div class=\"swiper-container dsm_card_carousel_wrapper\" dir=\"ltr\" data-params=\"[{&quot;direction&quot;:&quot;horizontal&quot;,&quot;effect&quot;:&quot;default&quot;,&quot;slider_effect_shadows&quot;:false,&quot;slider_effect_coverflow_rotate&quot;:&quot;30&quot;,&quot;slider_effect_coverflow_depth&quot;:&quot;0&quot;,&quot;loop&quot;:true,&quot;infinite_smooth_scrolling&quot;:false,&quot;slide_to_show&quot;:&quot;4&quot;,&quot;slide_to_show_tablet&quot;:&quot;1&quot;,&quot;slide_to_show_phone&quot;:&quot;1&quot;,&quot;slide_to_scroll&quot;:&quot;1&quot;,&quot;slide_to_scroll_tablet&quot;:&quot;1&quot;,&quot;slide_to_scroll_phone&quot;:&quot;1&quot;,&quot;space_between&quot;:&quot;15&quot;,&quot;space_between_tablet&quot;:&quot;15&quot;,&quot;space_between_phone&quot;:&quot;15&quot;,&quot;centered_slides&quot;:true,&quot;multiple_slide_row&quot;:&quot;off&quot;,&quot;slide_row&quot;:&quot;1&quot;,&quot;slide_row_tablet&quot;:&quot;1&quot;,&quot;slide_row_phone&quot;:&quot;1&quot;,&quot;speed&quot;:&quot;300&quot;,&quot;autoplay&quot;:true,&quot;autoplay_speed&quot;:&quot;3000&quot;,&quot;autoplay_viewport&quot;:&quot;80%&quot;,&quot;touch_move&quot;:true,&quot;grab&quot;:true,&quot;pause_on_hover&quot;:false,&quot;mousewheel&quot;:false,&quot;auto_height&quot;:true,&quot;equal_height&quot;:true,&quot;equal_height_tablet&quot;:true,&quot;equal_height_phone&quot;:true}]\">\n\t\t\t<div class=\"swiper-wrapper\"><\/div>\n\t\t\t<\/div><div class=\"swiper-button-prev dsm_card_carousel_arrow\" data-icon=\"4\"><\/div><div class=\"swiper-button-next dsm_card_carousel_arrow\" data-icon=\"5\"><\/div><div class=\"swiper-pagination dsm_card_carousel_pagination\"><\/div>\n\t\t\t\t<\/div>\n\t\t\t<\/div><div class=\"dsm_card_carousel_child dsm_card_carousel_child_0 img_zoom_onhover swiper-slide\">\n\t\t\t\t\n\t\t\t\t\n\t\t\t\t\n\t\t\t\t\n\t\t\t\t\n\t\t\t\t\n\t\t\t\t<div class=\"et_pb_module_inner\">\n\t\t\t\t\t\n\t\t\t\n\t\t\t<figure class=\"dsm_card_carousel_child_image_wrapper dsm_card_carousel_child_badge_top_right\" data-mfp-src=\"https:\/\/vazquezmontalban.bnc.cat\/wp-content\/uploads\/2023\/08\/1.Biografia_1.jpg\"><div class=\"dsm_card_carousel_child_image_background dsm_card_carousel_child_img dsm-card-image-lightbox dsm-card-lightbox-trigger\"><\/div><\/figure>\n\t\t\t<div class=\"dsm_card_wrapper et_pb_text_align_left et_pb_bg_layout_light\">\n\t\t\t\t\t\n\t\t\t\t\t\n\t\t\t\t\t<div class=\"dsm_card_carousel_child_description\">Blanco Chivite, Manuel. Carvalho: biograf\u00eda de un detective de ficci\u00f3n. Madrid: Ediciones Vosa, 1997.<\/div>\n\t\t\t\t\t\n\t\t\t\t<\/div>\n\t\t\t\t<\/div>\n\t\t\t<\/div><div class=\"dsm_card_carousel_child dsm_card_carousel_child_1 img_zoom_onhover swiper-slide\">\n\t\t\t\t\n\t\t\t\t\n\t\t\t\t\n\t\t\t\t\n\t\t\t\t\n\t\t\t\t\n\t\t\t\t<div class=\"et_pb_module_inner\">\n\t\t\t\t\t\n\t\t\t\n\t\t\t<figure class=\"dsm_card_carousel_child_image_wrapper dsm_card_carousel_child_badge_top_right\" data-mfp-src=\"https:\/\/vazquezmontalban.bnc.cat\/wp-content\/uploads\/2023\/08\/1.Biografia_2.jpg\"><div class=\"dsm_card_carousel_child_image_background dsm_card_carousel_child_img dsm-card-image-lightbox dsm-card-lightbox-trigger\"><\/div><\/figure>\n\t\t\t<div class=\"dsm_card_wrapper et_pb_text_align_left et_pb_bg_layout_light\">\n\t\t\t\t\t\n\t\t\t\t\t\n\t\t\t\t\t<div class=\"dsm_card_carousel_child_description\">Estrade, Florence. Manuel V\u00e1zquez Montalb\u00e1n. Barcelona: Ediciones de la Tempestad, 2004.<\/div>\n\t\t\t\t\t\n\t\t\t\t<\/div>\n\t\t\t\t<\/div>\n\t\t\t<\/div><div class=\"dsm_card_carousel_child dsm_card_carousel_child_2 img_zoom_onhover swiper-slide\">\n\t\t\t\t\n\t\t\t\t\n\t\t\t\t\n\t\t\t\t\n\t\t\t\t\n\t\t\t\t\n\t\t\t\t<div class=\"et_pb_module_inner\">\n\t\t\t\t\t\n\t\t\t\n\t\t\t<figure class=\"dsm_card_carousel_child_image_wrapper dsm_card_carousel_child_badge_top_right\" data-mfp-src=\"https:\/\/vazquezmontalban.bnc.cat\/wp-content\/uploads\/2023\/08\/1.Biografia_3.jpg\"><div class=\"dsm_card_carousel_child_image_background dsm_card_carousel_child_img dsm-card-image-lightbox dsm-card-lightbox-trigger\"><\/div><\/figure>\n\t\t\t\n\t\t\t\t<\/div>\n\t\t\t<\/div>Saval, Jos\u00e9 Vicente. Manuel V\u00e1zquez [&hellip;]<\/p>\n","protected":false},"author":1,"featured_media":0,"parent":0,"menu_order":0,"comment_status":"closed","ping_status":"closed","template":"","meta":{"_et_pb_use_builder":"on","_et_pb_old_content":"","_et_gb_content_width":"","inline_featured_image":false,"footnotes":""},"class_list":["post-1149","page","type-page","status-publish","hentry"],"acf":[],"_links":{"self":[{"href":"https:\/\/vazquezmontalban.bnc.cat\/es\/wp-json\/wp\/v2\/pages\/1149","targetHints":{"allow":["GET"]}}],"collection":[{"href":"https:\/\/vazquezmontalban.bnc.cat\/es\/wp-json\/wp\/v2\/pages"}],"about":[{"href":"https:\/\/vazquezmontalban.bnc.cat\/es\/wp-json\/wp\/v2\/types\/page"}],"author":[{"embeddable":true,"href":"https:\/\/vazquezmontalban.bnc.cat\/es\/wp-json\/wp\/v2\/users\/1"}],"replies":[{"embeddable":true,"href":"https:\/\/vazquezmontalban.bnc.cat\/es\/wp-json\/wp\/v2\/comments?post=1149"}],"version-history":[{"count":19,"href":"https:\/\/vazquezmontalban.bnc.cat\/es\/wp-json\/wp\/v2\/pages\/1149\/revisions"}],"predecessor-version":[{"id":1904,"href":"https:\/\/vazquezmontalban.bnc.cat\/es\/wp-json\/wp\/v2\/pages\/1149\/revisions\/1904"}],"wp:attachment":[{"href":"https:\/\/vazquezmontalban.bnc.cat\/es\/wp-json\/wp\/v2\/media?parent=1149"}],"curies":[{"name":"wp","href":"https:\/\/api.w.org\/{rel}","templated":true}]}}