{"id":1204,"date":"2023-08-05T11:41:48","date_gmt":"2023-08-05T11:41:48","guid":{"rendered":"https:\/\/vazquezmontalban.bnc.cat\/credits\/"},"modified":"2023-10-18T15:00:50","modified_gmt":"2023-10-18T15:00:50","slug":"credits","status":"publish","type":"page","link":"https:\/\/vazquezmontalban.bnc.cat\/en\/credits\/","title":{"rendered":"Credits"},"content":{"rendered":"<p>[et_pb_section fb_built=&#8221;1&#8243; admin_label=&#8221;section&#8221; module_class=&#8221;flex flex-column&#8221; _builder_version=&#8221;4.21.0&#8243; background_image=&#8221;https:\/\/vazquezmontalban.bnc.cat\/wp-content\/uploads\/2023\/07\/sg_-scaled.jpg&#8221; custom_padding=&#8221;12em||3em||false|false&#8221; global_colors_info=&#8221;{}&#8221;][et_pb_row column_structure=&#8221;1_2,1_2&#8243; make_equal=&#8221;on&#8221; _builder_version=&#8221;4.21.0&#8243; _module_preset=&#8221;default&#8221; custom_margin=&#8221;||0px||false|false&#8221; custom_padding=&#8221;||0px||false|false&#8221; global_colors_info=&#8221;{}&#8221;][et_pb_column type=&#8221;1_2&#8243; _builder_version=&#8221;4.21.0&#8243; _module_preset=&#8221;default&#8221; global_colors_info=&#8221;{}&#8221;][et_pb_text _builder_version=&#8221;4.22.0&#8243; _module_preset=&#8221;default&#8221; header_text_color=&#8221;#F8F9F2&#8243; header_font_size=&#8221;3em&#8221; custom_margin=&#8221;||0px||false|false&#8221; custom_padding=&#8221;||0px||false|false&#8221; animation_style=&#8221;fade&#8221; global_colors_info=&#8221;{}&#8221;]<\/p>\n<h1>Credits<\/h1>\n<p>[\/et_pb_text][\/et_pb_column][et_pb_column type=&#8221;1_2&#8243; _builder_version=&#8221;4.21.0&#8243; _module_preset=&#8221;default&#8221; global_colors_info=&#8221;{}&#8221;][\/et_pb_column][\/et_pb_row][\/et_pb_section][et_pb_section fb_built=&#8221;1&#8243; _builder_version=&#8221;4.21.0&#8243; _module_preset=&#8221;default&#8221; global_colors_info=&#8221;{}&#8221;][et_pb_row column_structure=&#8221;3_4,1_4&#8243; _builder_version=&#8221;4.21.0&#8243; _module_preset=&#8221;default&#8221; global_colors_info=&#8221;{}&#8221;][et_pb_column type=&#8221;3_4&#8243; _builder_version=&#8221;4.21.0&#8243; _module_preset=&#8221;default&#8221; global_colors_info=&#8221;{}&#8221;][et_pb_text _builder_version=&#8221;4.22.2&#8243; _module_preset=&#8221;default&#8221; text_text_color=&#8221;#020B11&#8243; ul_text_color=&#8221;#020B11&#8243; ol_text_color=&#8221;#020B11&#8243; header_2_font_size=&#8221;2.3em&#8221; animation_style=&#8221;fade&#8221; hover_enabled=&#8221;0&#8243; global_colors_info=&#8221;{}&#8221; sticky_enabled=&#8221;0&#8243;]<\/p>\n<p>The website about Manuel de V\u00e1zquez Montalb\u00e1n is a production of the Biblioteca de Catalunya with the collaboration of the Manuel V\u00e1zquez Montalb\u00e1n Studies Association.<\/p>\n<p>&nbsp;<\/p>\n<h2>DIRECTOR OF THE BIBLIOTECA DE CATALUNYA<\/h2>\n<p>Eug\u00e8nia Serra<\/p>\n<h2 class=\"m0-top\">CONTENTS<\/h2>\n<p>The Biblioteca de Catalunya and the Manuel V\u00e1zquez Montalb\u00e1n Studies Association<\/p>\n<h2 class=\"m0-top\">AUTHORS OF THE TEXTS<\/h2>\n<ul>\n<li>Biography. Jos\u00e9 Vicente Saval<\/li>\n<li>Crime novel. Javier Rivero<\/li>\n<li>Memory. Jos\u00e9 Colmeiro<\/li>\n<li>Barcelona. Mari Paz Balibrea<\/li>\n<li>FC Barcelona. Jordi Os\u00faa<\/li>\n<li>Cuisine. Rosi Song<\/li>\n<li>Mexico. Sergio Garc\u00eda<\/li>\n<li>Latin America. Michael Aronna<\/li>\n<li>Journalism. Francesc Salgado<\/li>\n<li>Commitment to the present. Georges Tyras<\/li>\n<li>Poetry. Sergio Garc\u00eda<\/li>\n<li>Politics. Jos\u00e9 Mar\u00eda Izquierdo<\/li>\n<li>Resources on education. Santiago Sevilla Vallejo<\/li>\n<li>Resources on translation. Rosa Mar\u00eda Rodr\u00edguez Abella<\/li>\n<\/ul>\n<h2 class=\"m0-top\">COORDINATION BY THE ASSOCIATION<\/h2>\n<ul>\n<li>Mari Paz Balibrea<\/li>\n<li>Francesc Salgado<\/li>\n<li>Jos\u00e9 Mar\u00eda Izquierdo<\/li>\n<\/ul>\n<h2 class=\"m0-top\">COORDINATION AND REVISION OF CONTENTS<\/h2>\n<p>Library of Catalonia<\/p>\n<h2 class=\"m0-top\">PHOTOGRAPHS<\/h2>\n<p>Digitisation. BC and Document Access and Retrieval Service. BC<\/p>\n<h2 class=\"m0-top\">GRAPHIC DESIGN AND PRODUCTION<\/h2>\n<p>Iuris.doc<\/p>\n<p>[\/et_pb_text][\/et_pb_column][et_pb_column type=&#8221;1_4&#8243; _builder_version=&#8221;4.21.0&#8243; _module_preset=&#8221;default&#8221; global_colors_info=&#8221;{}&#8221;][\/et_pb_column][\/et_pb_row][\/et_pb_section]<\/p>\n","protected":false},"excerpt":{"rendered":"<p>CreditsThe website about Manuel de V\u00e1zquez Montalb\u00e1n is a production of the Biblioteca de Catalunya with the collaboration of the Manuel V\u00e1zquez Montalb\u00e1n Studies Association. &nbsp; DIRECTOR OF THE BIBLIOTECA DE CATALUNYA Eug\u00e8nia Serra CONTENTS The Biblioteca de Catalunya and the Manuel V\u00e1zquez Montalb\u00e1n Studies Association AUTHORS OF THE TEXTS Biography. Jos\u00e9 Vicente Saval Crime novel. Javier Rivero Memory. Jos\u00e9 Colmeiro Barcelona. Mari Paz Balibrea FC Barcelona. Jordi Os\u00faa Cuisine. Rosi Song Mexico. Sergio Garc\u00eda Latin America. Michael Aronna Journalism. Francesc Salgado Commitment to the present. Georges Tyras Poetry. Sergio Garc\u00eda Politics. Jos\u00e9 Mar\u00eda Izquierdo Resources on education. Santiago Sevilla Vallejo Resources on translation. Rosa Mar\u00eda Rodr\u00edguez Abella COORDINATION BY THE ASSOCIATION Mari Paz Balibrea Francesc Salgado Jos\u00e9 Mar\u00eda Izquierdo COORDINATION AND REVISION OF CONTENTS Library of Catalonia PHOTOGRAPHS Digitisation. BC and Document Access and Retrieval Service. BC GRAPHIC DESIGN AND PRODUCTION Iuris.doc<\/p>\n","protected":false},"author":1,"featured_media":0,"parent":0,"menu_order":0,"comment_status":"closed","ping_status":"closed","template":"","meta":{"_et_pb_use_builder":"on","_et_pb_old_content":"","_et_gb_content_width":"","inline_featured_image":false,"footnotes":""},"class_list":["post-1204","page","type-page","status-publish","hentry"],"acf":[],"_links":{"self":[{"href":"https:\/\/vazquezmontalban.bnc.cat\/en\/wp-json\/wp\/v2\/pages\/1204","targetHints":{"allow":["GET"]}}],"collection":[{"href":"https:\/\/vazquezmontalban.bnc.cat\/en\/wp-json\/wp\/v2\/pages"}],"about":[{"href":"https:\/\/vazquezmontalban.bnc.cat\/en\/wp-json\/wp\/v2\/types\/page"}],"author":[{"embeddable":true,"href":"https:\/\/vazquezmontalban.bnc.cat\/en\/wp-json\/wp\/v2\/users\/1"}],"replies":[{"embeddable":true,"href":"https:\/\/vazquezmontalban.bnc.cat\/en\/wp-json\/wp\/v2\/comments?post=1204"}],"version-history":[{"count":4,"href":"https:\/\/vazquezmontalban.bnc.cat\/en\/wp-json\/wp\/v2\/pages\/1204\/revisions"}],"predecessor-version":[{"id":2444,"href":"https:\/\/vazquezmontalban.bnc.cat\/en\/wp-json\/wp\/v2\/pages\/1204\/revisions\/2444"}],"wp:attachment":[{"href":"https:\/\/vazquezmontalban.bnc.cat\/en\/wp-json\/wp\/v2\/media?parent=1204"}],"curies":[{"name":"wp","href":"https:\/\/api.w.org\/{rel}","templated":true}]}}