{"id":1180,"date":"2023-08-06T11:09:30","date_gmt":"2023-08-06T11:09:30","guid":{"rendered":"https:\/\/vazquezmontalban.bnc.cat\/biography\/"},"modified":"2023-09-29T09:29:34","modified_gmt":"2023-09-29T09:29:34","slug":"biography","status":"publish","type":"page","link":"https:\/\/vazquezmontalban.bnc.cat\/en\/biography\/","title":{"rendered":"Biography"},"content":{"rendered":"<p>[et_pb_section fb_built=&#8221;1&#8243; admin_label=&#8221;section&#8221; module_class=&#8221;flex flex-column hero&#8221; _builder_version=&#8221;4.21.2&#8243; background_image=&#8221;https:\/\/vazquezmontalban.bnc.cat\/wp-content\/uploads\/2023\/08\/Hero_Biografia-scaled.jpg&#8221; custom_padding=&#8221;12em||3em||false|false&#8221; background_last_edited=&#8221;on|phone&#8221; background_image_phone=&#8221;https:\/\/vazquezmontalban.bnc.cat\/wp-content\/uploads\/2023\/08\/Hero_Biografia_res.jpg&#8221; background_enable_image_phone=&#8221;on&#8221; global_colors_info=&#8221;{}&#8221;][et_pb_row column_structure=&#8221;1_2,1_2&#8243; make_equal=&#8221;on&#8221; _builder_version=&#8221;4.21.0&#8243; _module_preset=&#8221;default&#8221; custom_margin=&#8221;||0px||false|false&#8221; custom_padding=&#8221;||0px||false|false&#8221; global_colors_info=&#8221;{}&#8221;][et_pb_column type=&#8221;1_2&#8243; _builder_version=&#8221;4.21.0&#8243; _module_preset=&#8221;default&#8221; global_colors_info=&#8221;{}&#8221;][et_pb_text _builder_version=&#8221;4.22.0&#8243; _module_preset=&#8221;default&#8221; header_font=&#8221;|||on|||||&#8221; header_text_color=&#8221;#F8F9F2&#8243; header_font_size=&#8221;3em&#8221; custom_margin=&#8221;||0px||false|false&#8221; custom_padding=&#8221;||0px||false|false&#8221; animation_style=&#8221;fade&#8221; global_colors_info=&#8221;{}&#8221;]<\/p>\n<h1>Biography<\/h1>\n<p>[\/et_pb_text][et_pb_text admin_label=&#8221;Text&#8221; module_class=&#8221;serif&#8221; _builder_version=&#8221;4.22.2&#8243; _module_preset=&#8221;default&#8221; text_text_color=&#8221;#F8F9F2&#8243; text_font_size=&#8221;2em&#8221; animation_style=&#8221;fade&#8221; saved_tabs=&#8221;all&#8221; locked=&#8221;off&#8221; global_colors_info=&#8221;{}&#8221;]<\/p>\n<p class=\"xmsonormal\"><span>Text and selection of content: Jos\u00e9 Vicente Saval<o:p><\/o:p><\/span><\/p>\n<p>[\/et_pb_text][\/et_pb_column][et_pb_column type=&#8221;1_2&#8243; _builder_version=&#8221;4.21.0&#8243; _module_preset=&#8221;default&#8221; global_colors_info=&#8221;{}&#8221;][\/et_pb_column][\/et_pb_row][\/et_pb_section][et_pb_section fb_built=&#8221;1&#8243; _builder_version=&#8221;4.21.0&#8243; _module_preset=&#8221;default&#8221; global_colors_info=&#8221;{}&#8221;][et_pb_row column_structure=&#8221;3_4,1_4&#8243; custom_padding_last_edited=&#8221;on|phone&#8221; _builder_version=&#8221;4.22.1&#8243; _module_preset=&#8221;default&#8221; custom_padding_tablet=&#8221;&#8221; custom_padding_phone=&#8221;0px||0px||false|false&#8221; global_colors_info=&#8221;{}&#8221;][et_pb_column type=&#8221;3_4&#8243; _builder_version=&#8221;4.21.0&#8243; _module_preset=&#8221;default&#8221; global_colors_info=&#8221;{}&#8221;][et_pb_text _builder_version=&#8221;4.21.0&#8243; _module_preset=&#8221;default&#8221; animation_style=&#8221;fade&#8221; global_colors_info=&#8221;{}&#8221;]<\/p>\n<h2>My life is <em>more history <\/em> than life until the nineteen-seventies and since then it has been more <em>literature <\/em> than life.<\/h2>\n<p>[\/et_pb_text][\/et_pb_column][et_pb_column type=&#8221;1_4&#8243; _builder_version=&#8221;4.21.0&#8243; _module_preset=&#8221;default&#8221; global_colors_info=&#8221;{}&#8221;][\/et_pb_column][\/et_pb_row][et_pb_row column_structure=&#8221;3_4,1_4&#8243; _builder_version=&#8221;4.21.0&#8243; _module_preset=&#8221;default&#8221; global_colors_info=&#8221;{}&#8221;][et_pb_column type=&#8221;3_4&#8243; _builder_version=&#8221;4.21.0&#8243; _module_preset=&#8221;default&#8221; global_colors_info=&#8221;{}&#8221;][et_pb_text _builder_version=&#8221;4.21.0&#8243; _module_preset=&#8221;default&#8221; text_text_color=&#8221;#020B11&#8243; animation_style=&#8221;fade&#8221; global_colors_info=&#8221;{}&#8221;]<\/p>\n<p>As Manuel V\u00e1zquez Montalb\u00e1n used to say: \u201cMy life is more history than life until the nineteen-seventies and since then it has been more literature than life.\u201d Internationally recognised thanks to his most outstanding character, the detective Carvalho, he was trained as a journalist and wrote more than 8,000 articles. He was involved in the struggle against Francoism and become one of the most important writers of the democratic transition period. He published poetry, novels and essays, with some incursions into the theatre. He brought a critical vision of the political reality of his time, always on the side of the most underprivileged.<\/p>\n<p>[\/et_pb_text][\/et_pb_column][et_pb_column type=&#8221;1_4&#8243; _builder_version=&#8221;4.21.0&#8243; _module_preset=&#8221;default&#8221; global_colors_info=&#8221;{}&#8221;][\/et_pb_column][\/et_pb_row][\/et_pb_section][et_pb_section fb_built=&#8221;1&#8243; _builder_version=&#8221;4.21.0&#8243; _module_preset=&#8221;default&#8221; custom_padding=&#8221;0px||||false|false&#8221; global_colors_info=&#8221;{}&#8221;][et_pb_row custom_padding_last_edited=&#8221;on|phone&#8221; _builder_version=&#8221;4.22.1&#8243; _module_preset=&#8221;default&#8221; custom_margin=&#8221;||2em||false|false&#8221; custom_padding_tablet=&#8221;&#8221; custom_padding_phone=&#8221;0px||0px||false|false&#8221; global_colors_info=&#8221;{}&#8221;][et_pb_column type=&#8221;4_4&#8243; _builder_version=&#8221;4.21.0&#8243; _module_preset=&#8221;default&#8221; global_colors_info=&#8221;{}&#8221;][et_pb_text _builder_version=&#8221;4.21.0&#8243; _module_preset=&#8221;default&#8221; animation_style=&#8221;fade&#8221; global_colors_info=&#8221;{}&#8221;]<\/p>\n<h2>Published <em>biographies <\/em><\/h2>\n<p>[\/et_pb_text][\/et_pb_column][\/et_pb_row][et_pb_row _builder_version=&#8221;4.21.0&#8243; _module_preset=&#8221;default&#8221; width=&#8221;100%&#8221; max_width=&#8221;100%&#8221; custom_margin=&#8221;0px||0px||false|false&#8221; custom_padding=&#8221;0px||0px||false|false&#8221; global_colors_info=&#8221;{}&#8221;][et_pb_column type=&#8221;4_4&#8243; _builder_version=&#8221;4.21.0&#8243; _module_preset=&#8221;default&#8221; global_colors_info=&#8221;{}&#8221;][dsm_card_carousel centered_slides=&#8221;on&#8221; slide_to_show=&#8221;4&#8243; equal_height=&#8221;on&#8221; dots=&#8221;off&#8221; module_class=&#8221;c&#8221; _builder_version=&#8221;4.21.0&#8243; _module_preset=&#8221;default&#8221; custom_margin=&#8221;0px||0px||false|false&#8221; custom_padding=&#8221;0px||0px||false|false&#8221; animation_style=&#8221;fade&#8221; global_colors_info=&#8221;{}&#8221;][dsm_card_carousel_child module_class=&#8221;img_zoom_onhover&#8221; image=&#8221;https:\/\/vazquezmontalban.bnc.cat\/wp-content\/uploads\/2023\/08\/1.Biografia_1.jpg&#8221; image_background_height=&#8221;500px&#8221; image_background_position=&#8221;center_right&#8221; image_popup=&#8221;on&#8221; image_popup_src=&#8221;https:\/\/vazquezmontalban.bnc.cat\/wp-content\/uploads\/2023\/08\/1.Biografia_1.jpg&#8221; button_url_new_window=&#8221;1&#8243; _builder_version=&#8221;4.21.0&#8243; _module_preset=&#8221;default&#8221; body_text_color=&#8221;#F8F9F2&#8243; body_line_height=&#8221;1.4em&#8221; global_colors_info=&#8221;{}&#8221;]<\/p>\n<p>Blanco Chivite, Manuel. <em>Carvalho: biograf\u00eda de un detective de ficci\u00f3n<\/em>. Madrid: Ediciones Vosa, 1997.<\/p>\n<p>[\/dsm_card_carousel_child][dsm_card_carousel_child module_class=&#8221;img_zoom_onhover&#8221; image=&#8221;https:\/\/vazquezmontalban.bnc.cat\/wp-content\/uploads\/2023\/08\/1.Biografia_2.jpg&#8221; image_background_height=&#8221;500px&#8221; image_background_position=&#8221;center_right&#8221; image_popup=&#8221;on&#8221; image_popup_src=&#8221;https:\/\/vazquezmontalban.bnc.cat\/wp-content\/uploads\/2023\/08\/1.Biografia_2.jpg&#8221; button_url_new_window=&#8221;1&#8243; _builder_version=&#8221;4.21.0&#8243; _module_preset=&#8221;default&#8221; body_text_color=&#8221;#F8F9F2&#8243; body_line_height=&#8221;1.4em&#8221; global_colors_info=&#8221;{}&#8221;]<\/p>\n<p>Estrade, Florence. <em>Manuel V\u00e1zquez Montalb\u00e1n<\/em>. Barcelona: Ediciones de la Tempestad, 2004.<\/p>\n<p>[\/dsm_card_carousel_child][dsm_card_carousel_child module_class=&#8221;img_zoom_onhover&#8221; image=&#8221;https:\/\/vazquezmontalban.bnc.cat\/wp-content\/uploads\/2023\/08\/1.Biografia_3.jpg&#8221; image_background_height=&#8221;500px&#8221; image_popup=&#8221;on&#8221; image_popup_src=&#8221;https:\/\/vazquezmontalban.bnc.cat\/wp-content\/uploads\/2023\/08\/1.Biografia_3.jpg&#8221; button_url_new_window=&#8221;1&#8243; _builder_version=&#8221;4.21.0&#8243; _module_preset=&#8221;default&#8221; body_text_color=&#8221;#F8F9F2&#8243; body_line_height=&#8221;1.4em&#8221; global_colors_info=&#8221;{}&#8221;]<\/p>\n<p>Saval, Jos\u00e9 Vicente.<em> Manuel V\u00e1zquez Montalb\u00e1n : el triunfo de un luchador incansable<\/em>. Madrid: S\u00edntesis, 2004.<\/p>\n<p>[\/dsm_card_carousel_child][dsm_card_carousel_child module_class=&#8221;img_zoom_onhover&#8221; image=&#8221;https:\/\/vazquezmontalban.bnc.cat\/wp-content\/uploads\/2023\/08\/1.Biografia_4.jpg&#8221; image_background_height=&#8221;500px&#8221; image_popup=&#8221;on&#8221; image_popup_src=&#8221;https:\/\/vazquezmontalban.bnc.cat\/wp-content\/uploads\/2023\/08\/1.Biografia_4.jpg&#8221; button_url_new_window=&#8221;1&#8243; _builder_version=&#8221;4.21.0&#8243; _module_preset=&#8221;default&#8221; body_text_color=&#8221;#F8F9F2&#8243; body_line_height=&#8221;1.4em&#8221; global_colors_info=&#8221;{}&#8221;]<\/p>\n<p>Saval, Jos\u00e9 Vicente. <em>V\u00e1zquez Montalb\u00e1n : una biograf\u00eda revisada.<\/em> Barcelona: Alrev\u00e9s, 2013.<\/p>\n<p>[\/dsm_card_carousel_child][\/dsm_card_carousel][\/et_pb_column][\/et_pb_row][\/et_pb_section][et_pb_section fb_built=&#8221;1&#8243; _builder_version=&#8221;4.21.0&#8243; _module_preset=&#8221;default&#8221; global_colors_info=&#8221;{}&#8221;][et_pb_row column_structure=&#8221;3_4,1_4&#8243; _builder_version=&#8221;4.21.0&#8243; _module_preset=&#8221;default&#8221; custom_padding=&#8221;0px||0px||false|false&#8221; global_colors_info=&#8221;{}&#8221;][et_pb_column type=&#8221;3_4&#8243; _builder_version=&#8221;4.21.0&#8243; _module_preset=&#8221;default&#8221; global_colors_info=&#8221;{}&#8221;][et_pb_text module_class=&#8221;aportacions&#8221; _builder_version=&#8221;4.21.0&#8243; _module_preset=&#8221;default&#8221; animation_style=&#8221;fade&#8221; global_colors_info=&#8221;{}&#8221;]<\/p>\n<h3>Encyclopaedias and biographical dictionaries<\/h3>\n<p>[\/et_pb_text][et_pb_text _builder_version=&#8221;4.21.0&#8243; _module_preset=&#8221;default&#8221; animation_style=&#8221;fade&#8221; global_colors_info=&#8221;{}&#8221;]<\/p>\n<ul class=\"aportacio_list\">\n<li class=\"link\"><a href=\"https:\/\/www.enciclopedia.cat\/gran-enciclopedia-catalana\/manuel-vazquez-montalban\" title=\"Https:\/\/www.enciclopedia.cat\/gran-enciclopedia-catalana\/manuel-vazquez-montalban\" target=\"_blank\" rel=\"noopener\">\u00abManuel V\u00e1zquez Montalb\u00e1n\u00bb. A: <em>Enciclop\u00e8dia.cat<\/em>.<\/a><\/li>\n<li class=\"link\"><a href=\"https:\/\/dbe.rah.es\/biografias\/5025\/manuel-vazquez-montalban\" title=\"Https:\/\/dbe.rah.es\/biografias\/5025\/manuel-vazquez-montalban\" target=\"_blank\" rel=\"noopener\">Saval, Jos\u00e9 Vicente. \u00abManuel V\u00e1zquez Montalb\u00e1n\u00bb. A: <em>Diccionario Biogr\u00e1fico electr\u00f3nico (DB~e). <\/em>Real Academia de la Historia.<\/a><\/li>\n<\/ul>\n<p>[\/et_pb_text][et_pb_text module_class=&#8221;aportacions&#8221; _builder_version=&#8221;4.21.0&#8243; _module_preset=&#8221;default&#8221; animation_style=&#8221;fade&#8221; global_colors_info=&#8221;{}&#8221;]<\/p>\n<h3>Online biographies<\/h3>\n<p>[\/et_pb_text][et_pb_text _builder_version=&#8221;4.21.0&#8243; _module_preset=&#8221;default&#8221; animation_style=&#8221;fade&#8221; global_colors_info=&#8221;{}&#8221;]<\/p>\n<ul class=\"aportacio_list aportacio_manual\">\n<li class=\"link\"><a href=\"https:\/\/www.biografiasyvidas.com\/biografia\/v\/vazquez_montalban.htm\" title=\"Https:\/\/www.biografiasyvidas.com\/biografia\/v\/vazquez_montalban.htm\" target=\"_blank\" rel=\"noopener\">Fern\u00e1ndez, Tom\u00e1s y Tamaro, Elena. \u00abBiografia de Manuel V\u00e1zquez Montalb\u00e1n\u00bb. A<em>: Biograf\u00edas y Vidas. La enciclopedia biogr\u00e1fica en l\u00ednia<\/em>. Barcelona, 2004.<\/a><\/li>\n<li class=\"link\"><a href=\"https:\/\/www.escritores.org\/biografias\/308-manuel-vazquez-montalban\" title=\"Https:\/\/www.escritores.org\/biografias\/308-manuel-vazquez-montalban\" target=\"_blank\" rel=\"noopener\">\u00abManuel Vazquez Montalb\u00e1n\u00bb. A: <em>Biograf\u00edas de escritores. Escritores.org.<\/em>  2013.<\/a><\/li>\n<li class=\"link\"><a href=\"https:\/\/personajeshistoricos.com\/c-escritores\/manuel-vazquez-montalban\/\" title=\"Https:\/\/personajeshistoricos.com\/c-escritores\/manuel-vazquez-montalban\/\" target=\"_blank\" rel=\"noopener\">\u00abManuel Vazquez Montalban: biografia, libros, frases, y m\u00e1s\u00bb. A: <em><u>Personajes hist\u00f3ricos<\/u><\/em>.<\/a><\/li>\n<li class=\"link\"><a href=\"https:\/\/www.joanducros.net\/vazquez-montalban-manuel\/\" title=\"Https:\/\/www.joanducros.net\/vazquez-montalban-manuel\/\" target=\"_blank\" rel=\"noopener\">\u00abV\u00e1zquez Montalb\u00e1n, Manuel\u00bb. A<em>: <\/em><em>JoanDucros.net<\/em>. 2019.<\/a><\/li>\n<\/ul>\n<p>[\/et_pb_text][\/et_pb_column][et_pb_column type=&#8221;1_4&#8243; _builder_version=&#8221;4.21.0&#8243; _module_preset=&#8221;default&#8221; global_colors_info=&#8221;{}&#8221;][\/et_pb_column][\/et_pb_row][et_pb_row _builder_version=&#8221;4.21.0&#8243; _module_preset=&#8221;default&#8221; global_colors_info=&#8221;{}&#8221;][et_pb_column type=&#8221;4_4&#8243; _builder_version=&#8221;4.21.0&#8243; _module_preset=&#8221;default&#8221; global_colors_info=&#8221;{}&#8221;][et_pb_text _builder_version=&#8221;4.22.1&#8243; _module_preset=&#8221;default&#8221; global_colors_info=&#8221;{}&#8221;]<div class=\"aportacions aportacions_left et_pb_row nm np width flex\"><div class=\"et_pb_column et_pb_column_1_2 aportacions_col1 \"><h3>Audiovisuals<\/h3><ul class=\"aportacio_list\"><li data-aportacio=\"0\" class=\"video triggable\" data-list=\"audiovisuals\"><p><em>Ep\u00edlogo<\/em>. Canal+. 18 d\u2019octubre del 2002.<\/p>\n<\/li><li class=\"aportacio_content responsive video active\" data-aportacio=\"0\" data-list=\"audiovisuals\"><div class=\"videoWrapper\">\n\t\t\t\t<iframe loading=\"lazy\" width=\"560\" height=\"315\" src=\"https:\/\/www.youtube.com\/embed\/_4ueSwSyyvs\" title=\"YouTube video player\" frameborder=\"0\" allow=\"accelerometer; autoplay; clipboard-write; encrypted-media; gyroscope; picture-in-picture; web-share\" allowfullscreen><\/iframe>\n\t\t\t\t<\/div><\/li><li data-aportacio=\"1\" class=\"link\" data-list=\"audiovisuals\"><a href=\"https:\/\/www.rtve.es\/play\/videos\/autorretrato\/autorretrato-manuel-vazquez-montalban\/4724269\/\" target=\"_blank\" title=\"Autorretrato: MVM, un viejo columnista. Entrevista de Pablo Lizcano. RTVE play. 22 de maig del 1984.\n\"><p><em>Autorretrato: MVM, un viejo columnista<\/em>. Entrevista de Pablo Lizcano. RTVE play. 22 de maig del 1984.<\/p>\n<\/a><\/li><li data-aportacio=\"2\" class=\"link\" data-list=\"audiovisuals\"><a href=\"https:\/\/www.rtve.es\/play\/audios\/documentos-rne\/documentos-rne-vazquez-montalban-sentimental-comprometido-01-03-14\/2422387\/\" target=\"_blank\" title=\"Un sentimental comprometido. Documentos rne. RTVE play. 2 d\u2019agost del 2014.\n\"><p><em>Un sentimental comprometido.<\/em> Documentos rne. RTVE play. 2 d\u2019agost del 2014.<\/p>\n<\/a><\/li><li data-aportacio=\"3\" class=\"link\" data-list=\"audiovisuals\"><a href=\"https:\/\/www.youtube.com\/watch?v=2WQWMGhU56E\" target=\"_blank\" title=\"Manuel V\u00e1zquez Montalb\u00e1n a Fondo. Entrevista de Joaqu\u00edn Soler Serrano. Editrama. 21 d\u2019octubre del 1979.\n\"><p><em>Manuel V\u00e1zquez Montalb\u00e1n a Fondo<\/em>. Entrevista de Joaqu\u00edn Soler Serrano. Editrama. 21 d\u2019octubre del 1979.<\/p>\n<\/a><\/li><li data-aportacio=\"4\" class=\"link\" data-list=\"audiovisuals\"><a href=\"https:\/\/www.ccma.cat\/tv3\/alacarta\/telenoticies\/deu-anys-de-la-mort-de-vazquez-montalban\/video\/4720092\/\" target=\"_blank\" title=\"Deu anys de la mort de V\u00e1zquez Montalb\u00e1n. Clip TN Migdia. TV3. 19 d&#8217;octubre del 2013.\n\"><p><em>Deu anys de la mort de V\u00e1zquez Montalb\u00e1n<\/em>. Clip TN Migdia. TV3. 19 d&#8217;octubre del 2013.<\/p>\n<\/a><\/li><\/ul><\/div><div class=\"et_pb_column et_pb_column_1_2 aportacions_col2 et-last-child\"><div class=\"aportacio_content_holder\"><div class=\"aportacio_content video active\" data-aportacio=\"0\" data-list=\"audiovisuals\"><div class=\"videoWrapper\">\n\t\t\t\t<iframe loading=\"lazy\" width=\"560\" height=\"315\" src=\"https:\/\/www.youtube.com\/embed\/_4ueSwSyyvs\" title=\"YouTube video player\" frameborder=\"0\" allow=\"accelerometer; autoplay; clipboard-write; encrypted-media; gyroscope; picture-in-picture; web-share\" allowfullscreen><\/iframe>\n\t\t\t\t<\/div><\/div><\/div><\/div><\/div>[\/et_pb_text][\/et_pb_column][\/et_pb_row][\/et_pb_section]<\/p>\n","protected":false},"excerpt":{"rendered":"<p>BiographyText and selection of content: Jos\u00e9 Vicente SavalMy life is more history than life until the nineteen-seventies and since then it has been more literature than life.As Manuel V\u00e1zquez Montalb\u00e1n used to say: \u201cMy life is more history than life until the nineteen-seventies and since then it has been more literature than life.\u201d Internationally recognised thanks to his most outstanding character, the detective Carvalho, he was trained as a journalist and wrote more than 8,000 articles. He was involved in the struggle against Francoism and become one of the most important writers of the democratic transition period. He published poetry, novels and essays, with some incursions into the theatre. He brought a critical vision of the political reality of his time, always on the side of the most underprivileged.Published biographies <div class=\"et_pb_module dsm_card_carousel dsm_card_carousel_0 c et_animated dsm_card_carousel_layout_stacked  dsm_card_carousel_equal_height dsm_card_carousel_arrow_outside dsm_card_carousel_arrow_mobile_inside\">\n\t\t\t\t\n\t\t\t\t\n\t\t\t\t\n\t\t\t\t\n\t\t\t\t\n\t\t\t\t\n\t\t\t\t<div class=\"et_pb_module_inner\">\n\t\t\t\t\t\n\t\t\t\n\t\t\t<div class=\"swiper-container dsm_card_carousel_wrapper\" dir=\"ltr\" data-params=\"[{&quot;direction&quot;:&quot;horizontal&quot;,&quot;effect&quot;:&quot;default&quot;,&quot;slider_effect_shadows&quot;:false,&quot;slider_effect_coverflow_rotate&quot;:&quot;30&quot;,&quot;slider_effect_coverflow_depth&quot;:&quot;0&quot;,&quot;loop&quot;:true,&quot;infinite_smooth_scrolling&quot;:false,&quot;slide_to_show&quot;:&quot;4&quot;,&quot;slide_to_show_tablet&quot;:&quot;1&quot;,&quot;slide_to_show_phone&quot;:&quot;1&quot;,&quot;slide_to_scroll&quot;:&quot;1&quot;,&quot;slide_to_scroll_tablet&quot;:&quot;1&quot;,&quot;slide_to_scroll_phone&quot;:&quot;1&quot;,&quot;space_between&quot;:&quot;15&quot;,&quot;space_between_tablet&quot;:&quot;15&quot;,&quot;space_between_phone&quot;:&quot;15&quot;,&quot;centered_slides&quot;:true,&quot;multiple_slide_row&quot;:&quot;off&quot;,&quot;slide_row&quot;:&quot;1&quot;,&quot;slide_row_tablet&quot;:&quot;1&quot;,&quot;slide_row_phone&quot;:&quot;1&quot;,&quot;speed&quot;:&quot;300&quot;,&quot;autoplay&quot;:true,&quot;autoplay_speed&quot;:&quot;3000&quot;,&quot;autoplay_viewport&quot;:&quot;80%&quot;,&quot;touch_move&quot;:true,&quot;grab&quot;:true,&quot;pause_on_hover&quot;:false,&quot;mousewheel&quot;:false,&quot;auto_height&quot;:true,&quot;equal_height&quot;:true,&quot;equal_height_tablet&quot;:true,&quot;equal_height_phone&quot;:true}]\">\n\t\t\t<div class=\"swiper-wrapper\"><\/div>\n\t\t\t<\/div><div class=\"swiper-button-prev dsm_card_carousel_arrow\" data-icon=\"4\"><\/div><div class=\"swiper-button-next dsm_card_carousel_arrow\" data-icon=\"5\"><\/div><div class=\"swiper-pagination dsm_card_carousel_pagination\"><\/div>\n\t\t\t\t<\/div>\n\t\t\t<\/div><div class=\"dsm_card_carousel_child dsm_card_carousel_child_0 img_zoom_onhover swiper-slide\">\n\t\t\t\t\n\t\t\t\t\n\t\t\t\t\n\t\t\t\t\n\t\t\t\t\n\t\t\t\t\n\t\t\t\t<div class=\"et_pb_module_inner\">\n\t\t\t\t\t\n\t\t\t\n\t\t\t<figure class=\"dsm_card_carousel_child_image_wrapper dsm_card_carousel_child_badge_top_right\" data-mfp-src=\"https:\/\/vazquezmontalban.bnc.cat\/wp-content\/uploads\/2023\/08\/1.Biografia_1.jpg\"><div class=\"dsm_card_carousel_child_image_background dsm_card_carousel_child_img dsm-card-image-lightbox dsm-card-lightbox-trigger\"><\/div><\/figure>\n\t\t\t<div class=\"dsm_card_wrapper et_pb_text_align_left et_pb_bg_layout_light\">\n\t\t\t\t\t\n\t\t\t\t\t\n\t\t\t\t\t<div class=\"dsm_card_carousel_child_description\">Blanco Chivite, Manuel. Carvalho: biograf\u00eda de un detective de ficci\u00f3n. Madrid: Ediciones Vosa, 1997.<\/div>\n\t\t\t\t\t\n\t\t\t\t<\/div>\n\t\t\t\t<\/div>\n\t\t\t<\/div><div class=\"dsm_card_carousel_child dsm_card_carousel_child_1 img_zoom_onhover swiper-slide\">\n\t\t\t\t\n\t\t\t\t\n\t\t\t\t\n\t\t\t\t\n\t\t\t\t\n\t\t\t\t\n\t\t\t\t<div class=\"et_pb_module_inner\">\n\t\t\t\t\t\n\t\t\t\n\t\t\t<figure class=\"dsm_card_carousel_child_image_wrapper dsm_card_carousel_child_badge_top_right\" data-mfp-src=\"https:\/\/vazquezmontalban.bnc.cat\/wp-content\/uploads\/2023\/08\/1.Biografia_2.jpg\"><div class=\"dsm_card_carousel_child_image_background dsm_card_carousel_child_img dsm-card-image-lightbox dsm-card-lightbox-trigger\"><\/div><\/figure>\n\t\t\t<div class=\"dsm_card_wrapper et_pb_text_align_left et_pb_bg_layout_light\">\n\t\t\t\t\t\n\t\t\t\t\t\n\t\t\t\t\t<div class=\"dsm_card_carousel_child_description\">Estrade, Florence. Manuel V\u00e1zquez Montalb\u00e1n. Barcelona: Ediciones de la Tempestad, 2004.<\/div>\n\t\t\t\t\t\n\t\t\t\t<\/div>\n\t\t\t\t<\/div>\n\t\t\t<\/div><div class=\"dsm_card_carousel_child dsm_card_carousel_child_2 img_zoom_onhover swiper-slide\">\n\t\t\t\t\n\t\t\t\t\n\t\t\t\t\n\t\t\t\t\n\t\t\t\t\n\t\t\t\t\n\t\t\t\t<div class=\"et_pb_module_inner\">\n\t\t\t\t\t\n\t\t\t\n\t\t\t<figure class=\"dsm_card_carousel_child_image_wrapper dsm_card_carousel_child_badge_top_right\" data-mfp-src=\"https:\/\/vazquezmontalban.bnc.cat\/wp-content\/uploads\/2023\/08\/1.Biografia_3.jpg\"><div class=\"dsm_card_carousel_child_image_background dsm_card_carousel_child_img dsm-card-image-lightbox dsm-card-lightbox-trigger\"><\/div><\/figure>\n\t\t\t\n\t\t\t\t<\/div>\n\t\t\t<\/div>Saval, [&hellip;]<\/p>\n","protected":false},"author":1,"featured_media":0,"parent":0,"menu_order":0,"comment_status":"closed","ping_status":"closed","template":"","meta":{"_et_pb_use_builder":"on","_et_pb_old_content":"","_et_gb_content_width":"","inline_featured_image":false,"footnotes":""},"class_list":["post-1180","page","type-page","status-publish","hentry"],"acf":[],"_links":{"self":[{"href":"https:\/\/vazquezmontalban.bnc.cat\/en\/wp-json\/wp\/v2\/pages\/1180","targetHints":{"allow":["GET"]}}],"collection":[{"href":"https:\/\/vazquezmontalban.bnc.cat\/en\/wp-json\/wp\/v2\/pages"}],"about":[{"href":"https:\/\/vazquezmontalban.bnc.cat\/en\/wp-json\/wp\/v2\/types\/page"}],"author":[{"embeddable":true,"href":"https:\/\/vazquezmontalban.bnc.cat\/en\/wp-json\/wp\/v2\/users\/1"}],"replies":[{"embeddable":true,"href":"https:\/\/vazquezmontalban.bnc.cat\/en\/wp-json\/wp\/v2\/comments?post=1180"}],"version-history":[{"count":26,"href":"https:\/\/vazquezmontalban.bnc.cat\/en\/wp-json\/wp\/v2\/pages\/1180\/revisions"}],"predecessor-version":[{"id":1901,"href":"https:\/\/vazquezmontalban.bnc.cat\/en\/wp-json\/wp\/v2\/pages\/1180\/revisions\/1901"}],"wp:attachment":[{"href":"https:\/\/vazquezmontalban.bnc.cat\/en\/wp-json\/wp\/v2\/media?parent=1180"}],"curies":[{"name":"wp","href":"https:\/\/api.w.org\/{rel}","templated":true}]}}